{"id":223783,"date":"2026-03-16T20:20:14","date_gmt":"2026-03-16T19:20:14","guid":{"rendered":"https:\/\/erlebniswelt-fliegenfischen.de\/casting-clinic\/federation-of-fly-fishers-international-trouble-shooting\/"},"modified":"2026-03-20T20:22:36","modified_gmt":"2026-03-20T19:22:36","slug":"federation-of-fly-fishers-international-trouble-shooting","status":"publish","type":"page","link":"https:\/\/erlebniswelt-fliegenfischen.de\/de\/casting-clinic\/federation-of-fly-fishers-international-trouble-shooting\/","title":{"rendered":"Federation of Fly Fishers International &#8211; Trouble Shooting"},"content":{"rendered":"<div class=\"et_pb_section_0 et_pb_section et_section_regular et_flex_section preset--module--divi-section--default\">\n<div class=\"et_pb_row_0 et_pb_row et_flex_row preset--module--divi-row--default\">\n<div class=\"et_pb_column_0 et_pb_column et-last-child et_flex_column et_pb_css_mix_blend_mode_passthrough et_flex_column_24_24 et_flex_column_24_24_tablet et_flex_column_24_24_phone\">\n<div class=\"et_pb_text_0 et_pb_text et_pb_bg_layout_light et_pb_module et_flex_module\"><div class=\"et_pb_text_inner\"><h1>Federation of Fly Fishers International &#8211; Trouble Shooting<\/h1>\n<\/div><\/div>\n\n<div class=\"et_pb_text_1 et_pb_text et_pb_bg_layout_light et_pb_module et_flex_module\"><div class=\"et_pb_text_inner\"><h2>EWF 2026<\/h2>\n<\/div><\/div>\n<\/div>\n<\/div>\n<\/div>\n\n<div class=\"et_pb_section_1 et_pb_section et_section_regular et_flex_section preset--module--divi-section--default\" id=\"fly-tying\">\n<div class=\"et_pb_row_1 et_pb_row et_flex_row preset--module--divi-row--default\" id=\"samstag\">\n<div class=\"et_pb_column_1 et_pb_column et_flex_column et_pb_css_mix_blend_mode_passthrough et_flex_column_18_24 et_flex_column_18_24_tablet et_flex_column_24_24_phone\">\n<div class=\"et_pb_text_2 et_pb_text et_pb_bg_layout_light et_pb_module et_flex_module\"><div class=\"et_pb_text_inner\"><p><span style=\"text-decoration: underline;\"><a href=\"https:\/\/www.flyfishersinternational.org\/\" target=\"_blank\" rel=\"noopener\">Fly Fishers International<\/a><\/span> ist eine gemeinn\u00fctzige Organisation, die das Fliegenfischen auf alle Fischarten in allen Gew\u00e4ssern unterst\u00fctzt. Unsere wichtigste Aufgabe ist die Aufkl\u00e4rung und Ausbildung. Wir streben danach, die besten Instruktoren in den Bereichen Wurftechnik, Fliegenbinden, Fliegenfischen allgemein und Naturschutz zu sein.  <\/p>\n<p>Finden k\u00f6nnt Ihr uns im Aussenbereich am Pavillon neben dem gro\u00dfen Wurfpool. Wir sind zertifizierte Instruktoren f\u00fcr Einhand- und Zweihand-Werfen, die Euch mit allen Fragen rund um Wurftechniken, Ruten, Schn\u00fcre, Vorf\u00e4cher, Fliegen, Knoten, Ausr\u00fcstung und sonstigen Fragen mit Rat und Tat zur Seite stehen. <\/p>\n<p>Wir bieten f\u00fcr Interessierte folgende einst\u00fcndige Workshops zu folgenden Themen an:<\/p>\n<\/div><\/div>\n<\/div>\n\n<div class=\"et_pb_column_2 et_pb_column et-last-child et_flex_column et_pb_css_mix_blend_mode_passthrough et_flex_column_6_24 et_flex_column_6_24_tablet et_flex_column_24_24_phone\">\n<div class=\"et_pb_image_0 et_pb_image et_pb_module et_flex_module\"><span class=\"et_pb_image_wrap\"><img loading=\"lazy\" decoding=\"async\" src=\"https:\/\/erlebniswelt-fliegenfischen.de\/wp-content\/uploads\/2026\/03\/FFI_9840_LogoR_Horizontal_CMYK-pdf.jpg\" title=\"FFI_9840_LogoR_Horizontal_CMYK\" width=\"672\" height=\"187\" srcset=\"https:\/\/erlebniswelt-fliegenfischen.de\/wp-content\/uploads\/2026\/03\/FFI_9840_LogoR_Horizontal_CMYK-pdf.jpg 672w\" sizes=\"(max-width: 672px) 100vw, 672px\" class=\"wp-image-223335\" \/><\/span><\/div>\n<\/div>\n<\/div>\n\n<div class=\"et_pb_row_2 et_pb_row et_flex_row box preset--module--divi-row--default\">\n<div class=\"et_pb_column_3 et_pb_column et-last-child et_flex_column et_pb_css_mix_blend_mode_passthrough et_flex_column_24_24 et_flex_column_24_24_tablet et_flex_column_24_24_phone\">\n<div class=\"et_pb_group_0 et_pb_group et-last-child et_pb_module et_flex_group et_pb_css_mix_blend_mode_passthrough\">\n<div class=\"et_pb_row_3 et_pb_row et_pb_row_nested et_flex_row preset--module--divi-row--default\">\n<div class=\"et_pb_column_4 et_pb_column et-last-child et_flex_column et_pb_css_mix_blend_mode_passthrough et_flex_column_24_24 et_flex_column_24_24_tablet et_flex_column_24_24_phone\">\n<div class=\"et_pb_text_3 et_pb_text et_pb_bg_layout_light et_pb_module et_flex_module\"><div class=\"et_pb_text_inner\"><h2>Workshop f\u00fcr Einsteiger:<\/h2>\n<\/div><\/div>\n\n<div class=\"et_pb_text_4 et_pb_text et_pb_bg_layout_light et_pb_module et_flex_module\"><div class=\"et_pb_text_inner\"><p>Erste und zweite Schritte im Fliegenwerfen (maximal 8 Teilnehmer)<br \/>Sie haben noch nie eine Fliegenrute in der Hand gehalten oder angefangen, aber wollen sich gerne verbessern. Unsere Instruktoren begleiten Sie bei den ersten Schritten bzw. helfen Ihnen \u00fcber die anf\u00e4nglichen Stolpersteine. <\/p>\n<ul>\n<li>Samstag den 18. April 10:00-11:00 (Kursleiter: Markus Jurt und Wolfgang V\u00f6lker) und 14:00-15:00 (Kursleiter: Ulrich Altstetter und Markus Jurt)<\/li>\n<li>Sonntag den 19. April 10:00-11:00 (Kursleiter: Markus Jurt und Ulrich Altstetter) und 14:00-15:00 (Kursleiter: Wolfgang V\u00f6lker und Markus Jurt)<\/li>\n<\/ul>\n<p><span><\/span><\/p>\n<\/div><\/div>\n<\/div>\n<\/div>\n<\/div>\n<\/div>\n<\/div>\n\n<div class=\"et_pb_row_4 et_pb_row et_flex_row box preset--module--divi-row--default\">\n<div class=\"et_pb_column_5 et_pb_column et-last-child et_flex_column et_pb_css_mix_blend_mode_passthrough et_flex_column_24_24 et_flex_column_24_24_tablet et_flex_column_24_24_phone\">\n<div class=\"et_pb_group_1 et_pb_group et-last-child et_pb_module et_flex_group et_pb_css_mix_blend_mode_passthrough\">\n<div class=\"et_pb_row_5 et_pb_row et_pb_row_nested et_flex_row preset--module--divi-row--default\">\n<div class=\"et_pb_column_6 et_pb_column et-last-child et_flex_column et_pb_css_mix_blend_mode_passthrough et_flex_column_24_24 et_flex_column_24_24_tablet et_flex_column_24_24_phone\">\n<div class=\"et_pb_text_5 et_pb_text et_pb_bg_layout_light et_pb_module et_flex_module\"><div class=\"et_pb_text_inner\"><h2>Workshop f\u00fcr Fortgeschrittene<br \/>\u201eW\u00fcrfe die fangen - gerade W\u00fcrfe f\u00fchren nicht immer zum Ziel\u201c<\/h2>\n<p><small>(maximal 8 Teilnehmer; Kursleiter: Ralf Hoppe und Peter Ebert)<\/small><\/p>\n<\/div><\/div>\n\n<div class=\"et_pb_text_6 et_pb_text et_pb_bg_layout_light et_pb_module et_flex_module\"><div class=\"et_pb_text_inner\"><p>Dieser Kurs r<span>ichtet sich an Fischer und Werfer, die mit dem \u00dcberkopfwurf bereits vertraut sind. Aber eine gerade ausgelegte Schnur und Vorfac<\/span>h f\u00e4ngt noch keinen Fisch. Hierzu sind \u201eMends\u201c (Umlegen der Schnur in der Luft und im\/auf dem Wasser) oder \u00e4hnliches <span>erforderlich<\/span>, also das <span>Manipulieren<\/span> der Schnur damit die Fliege nicht dreggt. Wir starten bei den Reach Mends, Schlangen- und Parachute-Wurf und je nach W\u00fcnschen der Kursteilnehmer auch zu mehr fortgeschritteneren Wurfvariationen. Hier bekommt Ihr das R\u00fcstzeug zum echten Trockenfliegen- oder Nymphenfischer.<\/p>\n<ul>\n<li><span>Samstag den 18. April 13:00-14:00<\/span><\/li>\n<li><span>Sonntag den 19. April 13:00-14:00<\/span><\/li>\n<\/ul>\n<p><span><\/span><\/p>\n<\/div><\/div>\n<\/div>\n<\/div>\n<\/div>\n<\/div>\n<\/div>\n\n<div class=\"et_pb_row_6 et_pb_row et_flex_row box preset--module--divi-row--default\">\n<div class=\"et_pb_column_7 et_pb_column et-last-child et_flex_column et_pb_css_mix_blend_mode_passthrough et_flex_column_24_24 et_flex_column_24_24_tablet et_flex_column_24_24_phone\">\n<div class=\"et_pb_group_2 et_pb_group et-last-child et_pb_module et_flex_group et_pb_css_mix_blend_mode_passthrough\">\n<div class=\"et_pb_row_7 et_pb_row et_pb_row_nested et_flex_row preset--module--divi-row--default\">\n<div class=\"et_pb_column_8 et_pb_column et-last-child et_flex_column et_pb_css_mix_blend_mode_passthrough et_flex_column_24_24 et_flex_column_24_24_tablet et_flex_column_24_24_phone\">\n<div class=\"et_pb_text_7 et_pb_text et_pb_bg_layout_light et_pb_module et_flex_module\"><div class=\"et_pb_text_inner\"><h2>Workshop f\u00fcr Fortgeschrittene:<br \/>Werfen und Fischen mit gro\u00dfen Streamern<\/h2>\n<p>(maximal 8 Teilnehmer, Kursleiter Holger Herold und Ulrich Altstetter)<\/p>\n<\/div><\/div>\n\n<div class=\"et_pb_text_8 et_pb_text et_pb_bg_layout_light et_pb_module et_flex_module\"><div class=\"et_pb_text_inner\"><p><span>L\u00e4ngst<\/span> ist <span>Fliegenfischen<\/span> <span>nicht<\/span> mehr <span>nur<\/span> auf <span>\u00c4sche<\/span> und <span>Forelle<\/span>, die <span>Fischerei<\/span> auf <span>Raubfisch<\/span> wie <span>Hecht<\/span>, Zander und Co. wird immer beliebter. Aber wie werfe ich gro\u00dfe Streamer und worauf muss ich beim Werfen und Fischen mit gro\u00dfen Streamern achten. Was ist das Besondere beim Umgang mit Sinkschn\u00fcren. Und wie stelle ich eine geeignete Ausr\u00fcstung zusammen. Dieser Workshop gibt Antwort auf all Eure Fragen.<\/p>\n<ul>\n<li><span>Samstag<\/span> den 18. <span>April<\/span> 11:00-12:00<\/li>\n<li><span>Sonntag<\/span> den 19. <span>April<\/span> 11:00-12:00<\/li>\n<\/ul>\n<p><span><\/span><\/p>\n<\/div><\/div>\n<\/div>\n<\/div>\n<\/div>\n<\/div>\n<\/div>\n\n<div class=\"et_pb_row_8 et_pb_row et_flex_row preset--module--divi-row--default\" id=\"samstag\">\n<div class=\"et_pb_column_9 et_pb_column et-last-child et_flex_column et_pb_css_mix_blend_mode_passthrough et_flex_column_24_24 et_flex_column_3_5_tablet et_flex_column_24_24_phone\">\n<div class=\"et_pb_text_9 et_pb_text et_pb_bg_layout_light et_pb_module et_flex_module\"><div class=\"et_pb_text_inner\"><p><span>Anmelden k\u00f6nnen Ihr Euch jederzeit am Stand der FFI (Pavillon). Treffpunkt f\u00fcr die Workshops am FFI Pavillon 15 Minuten vor Beginn des Workshops mit einer kurzen Vorbesprechung. Die Zahl der Teilnehmer f\u00fcr die Workshops ist begrenzt und wird nach Anmeldung (first come, first serve) vergeben.  <\/span><span> <\/span><\/p>\n<p><span>Wir bieten auch eine kostenlose \u201eCasting Clinic\u201c an, wo Ihr eine halbe Stunde mit Hilfe eines Instruktors werfen k\u00f6nnt. Seien es die ersten Schritte als Einsteiger, Fine-Tuning f\u00fcr Fortgeschrittenere, Speyw\u00fcrfe mit der Einhandrute, das Erlernen eines bestimmten Wurfes oder Mends, Ein- oder Zweihand.  <\/span><\/p>\n<p><span>Sprecht uns am Stand an und registriert Euch f\u00fcr eine halbe Stunde.<\/span><\/p>\n<p><span>Wir freuen uns auf Euch!<\/span><\/p>\n<\/div><\/div>\n<\/div>\n<\/div>\n\n<div class=\"et_pb_row_9 et_pb_row et_flex_row preset--module--divi-row--default\" id=\"samstag\">\n<div class=\"et_pb_column_10 et_pb_column et-last-child et_flex_column et_pb_css_mix_blend_mode_passthrough et_flex_column_24_24 et_flex_column_24_24_tablet et_flex_column_24_24_phone\">\n<div class=\"et_pb_image_1 et_pb_image et_pb_module et_flex_module preset--module--divi-image--fn0jh2ulqy\"><a href=\"https:\/\/erlebniswelt-fliegenfischen.de\/wp-content\/uploads\/2026\/03\/FFI.webp\" class=\"et_pb_lightbox_image\"><span class=\"et_pb_image_wrap\"><img loading=\"lazy\" decoding=\"async\" src=\"https:\/\/erlebniswelt-fliegenfischen.de\/wp-content\/uploads\/2026\/03\/FFI.webp\" title=\"FFI\" width=\"1920\" height=\"1440\" srcset=\"https:\/\/erlebniswelt-fliegenfischen.de\/wp-content\/uploads\/2026\/03\/FFI.webp 1920w, https:\/\/erlebniswelt-fliegenfischen.de\/wp-content\/uploads\/2026\/03\/FFI-1280x960.webp 1280w, https:\/\/erlebniswelt-fliegenfischen.de\/wp-content\/uploads\/2026\/03\/FFI-980x735.webp 980w, https:\/\/erlebniswelt-fliegenfischen.de\/wp-content\/uploads\/2026\/03\/FFI-480x360.webp 480w\" sizes=\"(min-width: 0px) and (max-width: 480px) 480px, (min-width: 481px) and (max-width: 980px) 980px, (min-width: 981px) and (max-width: 1280px) 1280px, (min-width: 1281px) 1920px, 100vw\" class=\"wp-image-223336\" \/><\/span><\/a><\/div>\n<\/div>\n<\/div>\n<\/div>","protected":false},"excerpt":{"rendered":"","protected":false},"author":1,"featured_media":0,"parent":223779,"menu_order":0,"comment_status":"closed","ping_status":"closed","template":"","meta":{"_acf_changed":false,"footnotes":""},"class_list":["post-223783","page","type-page","status-publish","hentry"],"acf":[],"yoast_head":"<!-- This site is optimized with the Yoast SEO plugin v27.3 - https:\/\/yoast.com\/product\/yoast-seo-wordpress\/ -->\n<title>Federation of Fly Fishers International - Trouble Shooting - Experience the World of Flyfishing 2026<\/title>\n<meta name=\"robots\" content=\"index, follow, max-snippet:-1, max-image-preview:large, max-video-preview:-1\" \/>\n<link rel=\"canonical\" href=\"https:\/\/erlebniswelt-fliegenfischen.de\/de\/casting-clinic\/federation-of-fly-fishers-international-trouble-shooting\/\" \/>\n<meta property=\"og:locale\" content=\"de_DE\" \/>\n<meta property=\"og:type\" content=\"article\" \/>\n<meta property=\"og:title\" content=\"Federation of Fly Fishers International - Trouble Shooting - Experience the World of Flyfishing 2026\" \/>\n<meta property=\"og:url\" content=\"https:\/\/erlebniswelt-fliegenfischen.de\/de\/casting-clinic\/federation-of-fly-fishers-international-trouble-shooting\/\" \/>\n<meta property=\"og:site_name\" content=\"Experience the World of Flyfishing 2026\" \/>\n<meta property=\"article:publisher\" content=\"https:\/\/www.facebook.com\/Erlebniswelt.Fliegenfischen\/\" \/>\n<meta property=\"article:modified_time\" content=\"2026-03-20T19:22:36+00:00\" \/>\n<meta name=\"twitter:card\" content=\"summary_large_image\" \/>\n<script type=\"application\/ld+json\" class=\"yoast-schema-graph\">{\"@context\":\"https:\\\/\\\/schema.org\",\"@graph\":[{\"@type\":\"WebPage\",\"@id\":\"https:\\\/\\\/erlebniswelt-fliegenfischen.de\\\/de\\\/casting-clinic\\\/federation-of-fly-fishers-international-trouble-shooting\\\/\",\"url\":\"https:\\\/\\\/erlebniswelt-fliegenfischen.de\\\/de\\\/casting-clinic\\\/federation-of-fly-fishers-international-trouble-shooting\\\/\",\"name\":\"Federation of Fly Fishers International - Trouble Shooting - Experience the World of Flyfishing 2026\",\"isPartOf\":{\"@id\":\"https:\\\/\\\/erlebniswelt-fliegenfischen.de\\\/de\\\/#website\"},\"datePublished\":\"2026-03-16T19:20:14+00:00\",\"dateModified\":\"2026-03-20T19:22:36+00:00\",\"breadcrumb\":{\"@id\":\"https:\\\/\\\/erlebniswelt-fliegenfischen.de\\\/de\\\/casting-clinic\\\/federation-of-fly-fishers-international-trouble-shooting\\\/#breadcrumb\"},\"inLanguage\":\"de\",\"potentialAction\":[{\"@type\":\"ReadAction\",\"target\":[\"https:\\\/\\\/erlebniswelt-fliegenfischen.de\\\/de\\\/casting-clinic\\\/federation-of-fly-fishers-international-trouble-shooting\\\/\"]}]},{\"@type\":\"BreadcrumbList\",\"@id\":\"https:\\\/\\\/erlebniswelt-fliegenfischen.de\\\/de\\\/casting-clinic\\\/federation-of-fly-fishers-international-trouble-shooting\\\/#breadcrumb\",\"itemListElement\":[{\"@type\":\"ListItem\",\"position\":1,\"name\":\"Start\",\"item\":\"https:\\\/\\\/erlebniswelt-fliegenfischen.de\\\/de\\\/\"},{\"@type\":\"ListItem\",\"position\":2,\"name\":\"Casting Clinic\",\"item\":\"https:\\\/\\\/erlebniswelt-fliegenfischen.de\\\/de\\\/casting-clinic\\\/\"},{\"@type\":\"ListItem\",\"position\":3,\"name\":\"Federation of Fly Fishers International &#8211; Trouble Shooting\"}]},{\"@type\":\"WebSite\",\"@id\":\"https:\\\/\\\/erlebniswelt-fliegenfischen.de\\\/de\\\/#website\",\"url\":\"https:\\\/\\\/erlebniswelt-fliegenfischen.de\\\/de\\\/\",\"name\":\"Experience the World of Flyfishing 2026\",\"description\":\"\",\"publisher\":{\"@id\":\"https:\\\/\\\/erlebniswelt-fliegenfischen.de\\\/de\\\/#organization\"},\"potentialAction\":[{\"@type\":\"SearchAction\",\"target\":{\"@type\":\"EntryPoint\",\"urlTemplate\":\"https:\\\/\\\/erlebniswelt-fliegenfischen.de\\\/de\\\/?s={search_term_string}\"},\"query-input\":{\"@type\":\"PropertyValueSpecification\",\"valueRequired\":true,\"valueName\":\"search_term_string\"}}],\"inLanguage\":\"de\"},{\"@type\":\"Organization\",\"@id\":\"https:\\\/\\\/erlebniswelt-fliegenfischen.de\\\/de\\\/#organization\",\"name\":\"Experience the World of Flyfishing 2026\",\"url\":\"https:\\\/\\\/erlebniswelt-fliegenfischen.de\\\/de\\\/\",\"logo\":{\"@type\":\"ImageObject\",\"inLanguage\":\"de\",\"@id\":\"https:\\\/\\\/erlebniswelt-fliegenfischen.de\\\/de\\\/#\\\/schema\\\/logo\\\/image\\\/\",\"url\":\"https:\\\/\\\/erlebniswelt-fliegenfischen.de\\\/wp-content\\\/uploads\\\/2026\\\/03\\\/EWF_Logo_MZ_K3.png\",\"contentUrl\":\"https:\\\/\\\/erlebniswelt-fliegenfischen.de\\\/wp-content\\\/uploads\\\/2026\\\/03\\\/EWF_Logo_MZ_K3.png\",\"width\":2295,\"height\":2295,\"caption\":\"Experience the World of Flyfishing 2026\"},\"image\":{\"@id\":\"https:\\\/\\\/erlebniswelt-fliegenfischen.de\\\/de\\\/#\\\/schema\\\/logo\\\/image\\\/\"},\"sameAs\":[\"https:\\\/\\\/www.facebook.com\\\/Erlebniswelt.Fliegenfischen\\\/\",\"https:\\\/\\\/www.instagram.com\\\/erlebniswelt_fliegenfischen\\\/\"]}]}<\/script>\n<!-- \/ Yoast SEO plugin. -->","yoast_head_json":{"title":"Federation of Fly Fishers International - Trouble Shooting - Experience the World of Flyfishing 2026","robots":{"index":"index","follow":"follow","max-snippet":"max-snippet:-1","max-image-preview":"max-image-preview:large","max-video-preview":"max-video-preview:-1"},"canonical":"https:\/\/erlebniswelt-fliegenfischen.de\/de\/casting-clinic\/federation-of-fly-fishers-international-trouble-shooting\/","og_locale":"de_DE","og_type":"article","og_title":"Federation of Fly Fishers International - Trouble Shooting - Experience the World of Flyfishing 2026","og_url":"https:\/\/erlebniswelt-fliegenfischen.de\/de\/casting-clinic\/federation-of-fly-fishers-international-trouble-shooting\/","og_site_name":"Experience the World of Flyfishing 2026","article_publisher":"https:\/\/www.facebook.com\/Erlebniswelt.Fliegenfischen\/","article_modified_time":"2026-03-20T19:22:36+00:00","twitter_card":"summary_large_image","schema":{"@context":"https:\/\/schema.org","@graph":[{"@type":"WebPage","@id":"https:\/\/erlebniswelt-fliegenfischen.de\/de\/casting-clinic\/federation-of-fly-fishers-international-trouble-shooting\/","url":"https:\/\/erlebniswelt-fliegenfischen.de\/de\/casting-clinic\/federation-of-fly-fishers-international-trouble-shooting\/","name":"Federation of Fly Fishers International - Trouble Shooting - Experience the World of Flyfishing 2026","isPartOf":{"@id":"https:\/\/erlebniswelt-fliegenfischen.de\/de\/#website"},"datePublished":"2026-03-16T19:20:14+00:00","dateModified":"2026-03-20T19:22:36+00:00","breadcrumb":{"@id":"https:\/\/erlebniswelt-fliegenfischen.de\/de\/casting-clinic\/federation-of-fly-fishers-international-trouble-shooting\/#breadcrumb"},"inLanguage":"de","potentialAction":[{"@type":"ReadAction","target":["https:\/\/erlebniswelt-fliegenfischen.de\/de\/casting-clinic\/federation-of-fly-fishers-international-trouble-shooting\/"]}]},{"@type":"BreadcrumbList","@id":"https:\/\/erlebniswelt-fliegenfischen.de\/de\/casting-clinic\/federation-of-fly-fishers-international-trouble-shooting\/#breadcrumb","itemListElement":[{"@type":"ListItem","position":1,"name":"Start","item":"https:\/\/erlebniswelt-fliegenfischen.de\/de\/"},{"@type":"ListItem","position":2,"name":"Casting Clinic","item":"https:\/\/erlebniswelt-fliegenfischen.de\/de\/casting-clinic\/"},{"@type":"ListItem","position":3,"name":"Federation of Fly Fishers International &#8211; Trouble Shooting"}]},{"@type":"WebSite","@id":"https:\/\/erlebniswelt-fliegenfischen.de\/de\/#website","url":"https:\/\/erlebniswelt-fliegenfischen.de\/de\/","name":"Experience the World of Flyfishing 2026","description":"","publisher":{"@id":"https:\/\/erlebniswelt-fliegenfischen.de\/de\/#organization"},"potentialAction":[{"@type":"SearchAction","target":{"@type":"EntryPoint","urlTemplate":"https:\/\/erlebniswelt-fliegenfischen.de\/de\/?s={search_term_string}"},"query-input":{"@type":"PropertyValueSpecification","valueRequired":true,"valueName":"search_term_string"}}],"inLanguage":"de"},{"@type":"Organization","@id":"https:\/\/erlebniswelt-fliegenfischen.de\/de\/#organization","name":"Experience the World of Flyfishing 2026","url":"https:\/\/erlebniswelt-fliegenfischen.de\/de\/","logo":{"@type":"ImageObject","inLanguage":"de","@id":"https:\/\/erlebniswelt-fliegenfischen.de\/de\/#\/schema\/logo\/image\/","url":"https:\/\/erlebniswelt-fliegenfischen.de\/wp-content\/uploads\/2026\/03\/EWF_Logo_MZ_K3.png","contentUrl":"https:\/\/erlebniswelt-fliegenfischen.de\/wp-content\/uploads\/2026\/03\/EWF_Logo_MZ_K3.png","width":2295,"height":2295,"caption":"Experience the World of Flyfishing 2026"},"image":{"@id":"https:\/\/erlebniswelt-fliegenfischen.de\/de\/#\/schema\/logo\/image\/"},"sameAs":["https:\/\/www.facebook.com\/Erlebniswelt.Fliegenfischen\/","https:\/\/www.instagram.com\/erlebniswelt_fliegenfischen\/"]}]}},"_links":{"self":[{"href":"https:\/\/erlebniswelt-fliegenfischen.de\/de\/wp-json\/wp\/v2\/pages\/223783","targetHints":{"allow":["GET"]}}],"collection":[{"href":"https:\/\/erlebniswelt-fliegenfischen.de\/de\/wp-json\/wp\/v2\/pages"}],"about":[{"href":"https:\/\/erlebniswelt-fliegenfischen.de\/de\/wp-json\/wp\/v2\/types\/page"}],"author":[{"embeddable":true,"href":"https:\/\/erlebniswelt-fliegenfischen.de\/de\/wp-json\/wp\/v2\/users\/1"}],"replies":[{"embeddable":true,"href":"https:\/\/erlebniswelt-fliegenfischen.de\/de\/wp-json\/wp\/v2\/comments?post=223783"}],"version-history":[{"count":1,"href":"https:\/\/erlebniswelt-fliegenfischen.de\/de\/wp-json\/wp\/v2\/pages\/223783\/revisions"}],"predecessor-version":[{"id":223784,"href":"https:\/\/erlebniswelt-fliegenfischen.de\/de\/wp-json\/wp\/v2\/pages\/223783\/revisions\/223784"}],"up":[{"embeddable":true,"href":"https:\/\/erlebniswelt-fliegenfischen.de\/de\/wp-json\/wp\/v2\/pages\/223779"}],"wp:attachment":[{"href":"https:\/\/erlebniswelt-fliegenfischen.de\/de\/wp-json\/wp\/v2\/media?parent=223783"}],"curies":[{"name":"wp","href":"https:\/\/api.w.org\/{rel}","templated":true}]}}