{"id":223698,"date":"2026-03-12T17:40:38","date_gmt":"2026-03-12T16:40:38","guid":{"rendered":"https:\/\/erlebniswelt-fliegenfischen.de\/zweihandkurs\/"},"modified":"2026-03-20T14:40:44","modified_gmt":"2026-03-20T13:40:44","slug":"zweihandkurs","status":"publish","type":"page","link":"https:\/\/erlebniswelt-fliegenfischen.de\/de\/zweihandkurs\/","title":{"rendered":"Zweihandkurs"},"content":{"rendered":"<div class=\"et_pb_section_0 et_pb_section et_section_regular et_flex_section preset--module--divi-section--default\">\n<div class=\"et_pb_row_0 et_pb_row et_flex_row preset--module--divi-row--default\">\n<div class=\"et_pb_column_0 et_pb_column et-last-child et_flex_column et_pb_css_mix_blend_mode_passthrough et_flex_column_24_24 et_flex_column_24_24_tablet et_flex_column_24_24_phone\">\n<div class=\"et_pb_text_0 et_pb_text et_pb_bg_layout_light et_pb_module et_flex_module\"><div class=\"et_pb_text_inner\"><h1>Zweihandkurs<\/h1>\n<\/div><\/div>\n<\/div>\n<\/div>\n<\/div>\n\n<div class=\"et_pb_section_1 et_pb_section et_section_regular et_flex_section preset--module--divi-section--default\">\n<div class=\"et_pb_row_1 et_pb_row et_flex_row preset--module--divi-row--default\">\n<div class=\"et_pb_column_1 et_pb_column et-last-child et_flex_column et_pb_css_mix_blend_mode_passthrough et_flex_column_24_24 et_flex_column_24_24_tablet et_flex_column_24_24_phone\">\n<div class=\"et_pb_text_1 et_pb_text et_pb_bg_layout_light et_pb_module et_flex_module\"><div class=\"et_pb_text_inner\"><p>Direkt im Anschluss an die EWF findet zum 18. Mal der j\u00e4hrliche Zweihand-Kurs statt. Sie haben wieder die Gelegenheit, Ihre Wurftechnik mit zwei renommierten Instruktoren zu erlernen oder aufzufrischen: Tom Brown aus Schottland und Paddy McDonnell aus Irland. <\/p>\n<p>Hier finden Sie geballte Erfahrung und echte Leidenschaft: Unsere Instruktoren begleiten Sie mit viel Expertise und einer guten Portion Humor durch den Zweihand-Kurs. In entspannter Runde werden die beiden sicheraus dem N\u00e4hk\u00e4stchen plaudern und die eine oder andere spannende Geschichte vom Fliegenfischen weitergeben. Freuen Sie sich auf einen erstklassigen Zweihand-Kurs!  <\/p>\n<\/div><\/div>\n<\/div>\n<\/div>\n\n<div class=\"et_pb_row_2 et_pb_row et_flex_row loop-module preset--module--divi-row--default\">\n<div class=\"et_pb_column_2 et_pb_column et_flex_column et_pb_css_mix_blend_mode_passthrough et_flex_column_24_24 et_flex_column_24_24_tablet et_flex_column_24_24_phone\">\n<div class=\"et_pb_group_0 et_pb_group et-last-child et_pb_module et_flex_group et_pb_css_mix_blend_mode_passthrough\">\n<div class=\"et_pb_image_0 et_pb_image et_pb_module et_flex_module preset--module--divi-image--fn0jh2ulqy\"><span class=\"et_pb_image_wrap\"><img loading=\"lazy\" decoding=\"async\" src=\"https:\/\/erlebniswelt-fliegenfischen.de\/wp-content\/uploads\/2026\/03\/Tom-Brown-1.webp\" title=\"ewf-home-03\" width=\"800\" height=\"533\" srcset=\"https:\/\/erlebniswelt-fliegenfischen.de\/wp-content\/uploads\/2026\/03\/Tom-Brown-1.webp 800w, https:\/\/erlebniswelt-fliegenfischen.de\/wp-content\/uploads\/2026\/03\/Tom-Brown-1-480x320.webp 480w\" sizes=\"(min-width: 0px) and (max-width: 480px) 480px, (min-width: 481px) 800px, 100vw\" class=\"wp-image-222885\" \/><\/span><\/div>\n\n<div class=\"et_pb_text_2 et_pb_text et_pb_bg_layout_light et_pb_module et_flex_module\"><div class=\"et_pb_text_inner\"><h2><span>Tom Brown<\/span><\/h2>\n<\/div><\/div>\n<\/div>\n<\/div>\n\n<div class=\"et_pb_column_3 et_pb_column et-last-child et_flex_column et_pb_css_mix_blend_mode_passthrough et_flex_column_24_24 et_flex_column_24_24_tablet et_flex_column_24_24_phone\">\n<div class=\"et_pb_group_1 et_pb_group et-last-child et_pb_module et_flex_group et_pb_css_mix_blend_mode_passthrough\">\n<div class=\"et_pb_image_1 et_pb_image et_pb_module et_flex_module preset--module--divi-image--fn0jh2ulqy\"><span class=\"et_pb_image_wrap\"><img loading=\"lazy\" decoding=\"async\" src=\"https:\/\/erlebniswelt-fliegenfischen.de\/wp-content\/uploads\/2026\/03\/Paddy-McDonnell-1-1.webp\" title=\"ewf-home-03\" width=\"800\" height=\"533\" srcset=\"https:\/\/erlebniswelt-fliegenfischen.de\/wp-content\/uploads\/2026\/03\/Paddy-McDonnell-1-1.webp 800w, https:\/\/erlebniswelt-fliegenfischen.de\/wp-content\/uploads\/2026\/03\/Paddy-McDonnell-1-1-480x320.webp 480w\" sizes=\"(min-width: 0px) and (max-width: 480px) 480px, (min-width: 481px) 800px, 100vw\" class=\"wp-image-222886\" \/><\/span><\/div>\n\n<div class=\"et_pb_text_3 et_pb_text et_pb_bg_layout_light et_pb_module et_flex_module\"><div class=\"et_pb_text_inner\"><h2><span>Paddy McDonnell<\/span><\/h2>\n<\/div><\/div>\n<\/div>\n<\/div>\n<\/div>\n\n<div class=\"et_pb_row_3 et_pb_row et_flex_row preset--module--divi-row--default\">\n<div class=\"et_pb_column_4 et_pb_column et-last-child et_flex_column et_pb_css_mix_blend_mode_passthrough et_flex_column_24_24 et_flex_column_24_24_tablet et_flex_column_24_24_phone\">\n<div class=\"et_pb_text_4 et_pb_text et_pb_bg_layout_light et_pb_module et_flex_module\"><div class=\"et_pb_text_inner\"><p><strong>Datum<\/strong>:<span> <\/span>Montag, 20. April, und Dienstag, 21. April 2026<\/p>\n<p><strong>Preis<\/strong>:<span> <\/span>250,00 \u20ac<\/p>\n<p><strong>Kursinhalt<\/strong><\/p>\n<p>Der zweit\u00e4gige Kurs richtet sich an alle interessierten Fliegenfischer, unabh\u00e4ngig von ihrem K\u00f6nnen. Anf\u00e4nger wie erfahrene Fliegenfischer werden individuell betreut und beraten. <\/p>\n<ol>\n<li>Einf\u00fchrung in die Technik von Zweihandruten und deren Unterschiede zum Einhandwurf<\/li>\n<li>Individuelle Betreuung jedes Teilnehmers entsprechend seinem K\u00f6nnen<\/li>\n<li>Grundlagen des \u00dcberkopfwurfs (overhead casting)\u2013 Fehleranalyse<\/li>\n<li>Speycasting \u2013 Roll Cast, Single, Double, Snake, Snap T und Circle \u2013 Fehleranalyse<\/li>\n<li>Ziele sowie Vor- und Nachteile der einzelnen W\u00fcrfe<\/li>\n<li>Schusskopf, Verbindung zur Grundtechnik<\/li>\n<li>Sinkende Schn\u00fcre, lange und kurze Vorf\u00e4cher<\/li>\n<li>Technikunterschiede in den verschiedenen Disziplinen. Gemeinsamkeiten <\/li>\n<li>Fragen und Antworten<\/li>\n<\/ol>\n<p><strong>Ausr\u00fcstung und Wathosen:<\/strong><br \/>Die Teilnehmer bringen ihre eigene Ausr\u00fcstung und Wathosen mit. Falls Sie keine Ausr\u00fcstung besitzen, kontaktieren Sie uns bitte <span> <\/span><a href=\"mailto:info@e-w-f.com\">info(at)e-w-f.com<\/a><\/p>\n<p><strong>Ort<\/strong>:<span> <\/span>Isar in M\u00fcnchen \u2013 die genaue Adresse und der Treffpunkt werden Ihnen nach der Anmeldung mitgeteilt.<br \/>Wir danken dem Verein \u201eDie Isarfischer e.V.\u201c herzlich f\u00fcr die Genehmigung, den Kurs an seinem Isarabschnitt durchzuf\u00fchren.<\/p>\n<p><a href=\"https:\/\/isarfischer.de\/\" target=\"_blank\" rel=\"noopener\"><img loading=\"lazy\" decoding=\"async\" src=\"https:\/\/ewf.zweistein.design\/wp-content\/uploads\/2026\/03\/Isarfischer-web-ria53lj20ncxs6owxjowhfsnc1vu8lntj2sf00q0d8.webp\" width=\"106\" height=\"150\" alt=\"\" class=\"wp-image-415 alignnone size-full\"><\/a><\/p>\n<div class=\"elementor-element elementor-element-1107543 e-flex e-con-boxed e-con e-parent e-lazyloaded\" data-id=\"1107543\" data-element_type=\"container\" data-e-type=\"container\">\n<div class=\"e-con-inner\">\n<div class=\"elementor-element elementor-element-0d42caa elementor-widget elementor-widget-text-editor\" data-id=\"0d42caa\" data-element_type=\"widget\" data-e-type=\"widget\" data-widget_type=\"text-editor.default\">\n<div class=\"elementor-widget-container\">\n<p><strong> Teilnehmerzahl:<\/strong> maximal 12<\/p>\n<\/div>\n<\/div>\n<\/div>\n<\/div>\n<div class=\"elementor-element elementor-element-d101c06 e-flex e-con-boxed e-con e-parent e-lazyloaded\" data-id=\"d101c06\" data-element_type=\"container\" data-e-type=\"container\">\n<div class=\"e-con-inner\">\n<div class=\"elementor-element elementor-element-170efb3 elementor-widget elementor-widget-text-editor\" data-id=\"170efb3\" data-element_type=\"widget\" data-e-type=\"widget\" data-widget_type=\"text-editor.default\">\n<div class=\"elementor-widget-container\">\n<p><strong>F\u00fcr weitere Informationen und zur Anmeldung kontaktieren Sie bitte<\/strong><br \/>Erlebniswelt Fliegenfischen<span> <\/span>\u00fcber <a href=\"mailto:info@e-w-f.com\">info(at)e-w-f.com<\/a><\/p>\n<\/div>\n<\/div>\n<\/div>\n<\/div>\n<\/div><\/div>\n<\/div>\n<\/div>\n<\/div>","protected":false},"excerpt":{"rendered":"","protected":false},"author":1,"featured_media":0,"parent":0,"menu_order":0,"comment_status":"closed","ping_status":"closed","template":"","meta":{"_acf_changed":false,"footnotes":""},"class_list":["post-223698","page","type-page","status-publish","hentry"],"acf":[],"yoast_head":"<!-- This site is optimized with the Yoast SEO plugin v27.3 - https:\/\/yoast.com\/product\/yoast-seo-wordpress\/ -->\n<title>Zweihandkurs - Experience the World of Flyfishing 2026<\/title>\n<meta name=\"robots\" content=\"index, follow, max-snippet:-1, max-image-preview:large, max-video-preview:-1\" \/>\n<link rel=\"canonical\" href=\"https:\/\/erlebniswelt-fliegenfischen.de\/de\/zweihandkurs\/\" \/>\n<meta property=\"og:locale\" content=\"de_DE\" \/>\n<meta property=\"og:type\" content=\"article\" \/>\n<meta property=\"og:title\" content=\"Zweihandkurs - Experience the World of Flyfishing 2026\" \/>\n<meta property=\"og:url\" content=\"https:\/\/erlebniswelt-fliegenfischen.de\/de\/zweihandkurs\/\" \/>\n<meta property=\"og:site_name\" content=\"Experience the World of Flyfishing 2026\" \/>\n<meta property=\"article:publisher\" content=\"https:\/\/www.facebook.com\/Erlebniswelt.Fliegenfischen\/\" \/>\n<meta property=\"article:modified_time\" content=\"2026-03-20T13:40:44+00:00\" \/>\n<meta name=\"twitter:card\" content=\"summary_large_image\" \/>\n<script type=\"application\/ld+json\" class=\"yoast-schema-graph\">{\"@context\":\"https:\\\/\\\/schema.org\",\"@graph\":[{\"@type\":\"WebPage\",\"@id\":\"https:\\\/\\\/erlebniswelt-fliegenfischen.de\\\/de\\\/zweihandkurs\\\/\",\"url\":\"https:\\\/\\\/erlebniswelt-fliegenfischen.de\\\/de\\\/zweihandkurs\\\/\",\"name\":\"Zweihandkurs - Experience the World of Flyfishing 2026\",\"isPartOf\":{\"@id\":\"https:\\\/\\\/erlebniswelt-fliegenfischen.de\\\/de\\\/#website\"},\"datePublished\":\"2026-03-12T16:40:38+00:00\",\"dateModified\":\"2026-03-20T13:40:44+00:00\",\"breadcrumb\":{\"@id\":\"https:\\\/\\\/erlebniswelt-fliegenfischen.de\\\/de\\\/zweihandkurs\\\/#breadcrumb\"},\"inLanguage\":\"de\",\"potentialAction\":[{\"@type\":\"ReadAction\",\"target\":[\"https:\\\/\\\/erlebniswelt-fliegenfischen.de\\\/de\\\/zweihandkurs\\\/\"]}]},{\"@type\":\"BreadcrumbList\",\"@id\":\"https:\\\/\\\/erlebniswelt-fliegenfischen.de\\\/de\\\/zweihandkurs\\\/#breadcrumb\",\"itemListElement\":[{\"@type\":\"ListItem\",\"position\":1,\"name\":\"Start\",\"item\":\"https:\\\/\\\/erlebniswelt-fliegenfischen.de\\\/de\\\/\"},{\"@type\":\"ListItem\",\"position\":2,\"name\":\"Zweihandkurs\"}]},{\"@type\":\"WebSite\",\"@id\":\"https:\\\/\\\/erlebniswelt-fliegenfischen.de\\\/de\\\/#website\",\"url\":\"https:\\\/\\\/erlebniswelt-fliegenfischen.de\\\/de\\\/\",\"name\":\"Experience the World of Flyfishing 2026\",\"description\":\"\",\"publisher\":{\"@id\":\"https:\\\/\\\/erlebniswelt-fliegenfischen.de\\\/de\\\/#organization\"},\"potentialAction\":[{\"@type\":\"SearchAction\",\"target\":{\"@type\":\"EntryPoint\",\"urlTemplate\":\"https:\\\/\\\/erlebniswelt-fliegenfischen.de\\\/de\\\/?s={search_term_string}\"},\"query-input\":{\"@type\":\"PropertyValueSpecification\",\"valueRequired\":true,\"valueName\":\"search_term_string\"}}],\"inLanguage\":\"de\"},{\"@type\":\"Organization\",\"@id\":\"https:\\\/\\\/erlebniswelt-fliegenfischen.de\\\/de\\\/#organization\",\"name\":\"Experience the World of Flyfishing 2026\",\"url\":\"https:\\\/\\\/erlebniswelt-fliegenfischen.de\\\/de\\\/\",\"logo\":{\"@type\":\"ImageObject\",\"inLanguage\":\"de\",\"@id\":\"https:\\\/\\\/erlebniswelt-fliegenfischen.de\\\/de\\\/#\\\/schema\\\/logo\\\/image\\\/\",\"url\":\"https:\\\/\\\/erlebniswelt-fliegenfischen.de\\\/wp-content\\\/uploads\\\/2026\\\/03\\\/EWF_Logo_MZ_K3.png\",\"contentUrl\":\"https:\\\/\\\/erlebniswelt-fliegenfischen.de\\\/wp-content\\\/uploads\\\/2026\\\/03\\\/EWF_Logo_MZ_K3.png\",\"width\":2295,\"height\":2295,\"caption\":\"Experience the World of Flyfishing 2026\"},\"image\":{\"@id\":\"https:\\\/\\\/erlebniswelt-fliegenfischen.de\\\/de\\\/#\\\/schema\\\/logo\\\/image\\\/\"},\"sameAs\":[\"https:\\\/\\\/www.facebook.com\\\/Erlebniswelt.Fliegenfischen\\\/\",\"https:\\\/\\\/www.instagram.com\\\/erlebniswelt_fliegenfischen\\\/\"]}]}<\/script>\n<!-- \/ Yoast SEO plugin. -->","yoast_head_json":{"title":"Zweihandkurs - Experience the World of Flyfishing 2026","robots":{"index":"index","follow":"follow","max-snippet":"max-snippet:-1","max-image-preview":"max-image-preview:large","max-video-preview":"max-video-preview:-1"},"canonical":"https:\/\/erlebniswelt-fliegenfischen.de\/de\/zweihandkurs\/","og_locale":"de_DE","og_type":"article","og_title":"Zweihandkurs - Experience the World of Flyfishing 2026","og_url":"https:\/\/erlebniswelt-fliegenfischen.de\/de\/zweihandkurs\/","og_site_name":"Experience the World of Flyfishing 2026","article_publisher":"https:\/\/www.facebook.com\/Erlebniswelt.Fliegenfischen\/","article_modified_time":"2026-03-20T13:40:44+00:00","twitter_card":"summary_large_image","schema":{"@context":"https:\/\/schema.org","@graph":[{"@type":"WebPage","@id":"https:\/\/erlebniswelt-fliegenfischen.de\/de\/zweihandkurs\/","url":"https:\/\/erlebniswelt-fliegenfischen.de\/de\/zweihandkurs\/","name":"Zweihandkurs - Experience the World of Flyfishing 2026","isPartOf":{"@id":"https:\/\/erlebniswelt-fliegenfischen.de\/de\/#website"},"datePublished":"2026-03-12T16:40:38+00:00","dateModified":"2026-03-20T13:40:44+00:00","breadcrumb":{"@id":"https:\/\/erlebniswelt-fliegenfischen.de\/de\/zweihandkurs\/#breadcrumb"},"inLanguage":"de","potentialAction":[{"@type":"ReadAction","target":["https:\/\/erlebniswelt-fliegenfischen.de\/de\/zweihandkurs\/"]}]},{"@type":"BreadcrumbList","@id":"https:\/\/erlebniswelt-fliegenfischen.de\/de\/zweihandkurs\/#breadcrumb","itemListElement":[{"@type":"ListItem","position":1,"name":"Start","item":"https:\/\/erlebniswelt-fliegenfischen.de\/de\/"},{"@type":"ListItem","position":2,"name":"Zweihandkurs"}]},{"@type":"WebSite","@id":"https:\/\/erlebniswelt-fliegenfischen.de\/de\/#website","url":"https:\/\/erlebniswelt-fliegenfischen.de\/de\/","name":"Experience the World of Flyfishing 2026","description":"","publisher":{"@id":"https:\/\/erlebniswelt-fliegenfischen.de\/de\/#organization"},"potentialAction":[{"@type":"SearchAction","target":{"@type":"EntryPoint","urlTemplate":"https:\/\/erlebniswelt-fliegenfischen.de\/de\/?s={search_term_string}"},"query-input":{"@type":"PropertyValueSpecification","valueRequired":true,"valueName":"search_term_string"}}],"inLanguage":"de"},{"@type":"Organization","@id":"https:\/\/erlebniswelt-fliegenfischen.de\/de\/#organization","name":"Experience the World of Flyfishing 2026","url":"https:\/\/erlebniswelt-fliegenfischen.de\/de\/","logo":{"@type":"ImageObject","inLanguage":"de","@id":"https:\/\/erlebniswelt-fliegenfischen.de\/de\/#\/schema\/logo\/image\/","url":"https:\/\/erlebniswelt-fliegenfischen.de\/wp-content\/uploads\/2026\/03\/EWF_Logo_MZ_K3.png","contentUrl":"https:\/\/erlebniswelt-fliegenfischen.de\/wp-content\/uploads\/2026\/03\/EWF_Logo_MZ_K3.png","width":2295,"height":2295,"caption":"Experience the World of Flyfishing 2026"},"image":{"@id":"https:\/\/erlebniswelt-fliegenfischen.de\/de\/#\/schema\/logo\/image\/"},"sameAs":["https:\/\/www.facebook.com\/Erlebniswelt.Fliegenfischen\/","https:\/\/www.instagram.com\/erlebniswelt_fliegenfischen\/"]}]}},"_links":{"self":[{"href":"https:\/\/erlebniswelt-fliegenfischen.de\/de\/wp-json\/wp\/v2\/pages\/223698","targetHints":{"allow":["GET"]}}],"collection":[{"href":"https:\/\/erlebniswelt-fliegenfischen.de\/de\/wp-json\/wp\/v2\/pages"}],"about":[{"href":"https:\/\/erlebniswelt-fliegenfischen.de\/de\/wp-json\/wp\/v2\/types\/page"}],"author":[{"embeddable":true,"href":"https:\/\/erlebniswelt-fliegenfischen.de\/de\/wp-json\/wp\/v2\/users\/1"}],"replies":[{"embeddable":true,"href":"https:\/\/erlebniswelt-fliegenfischen.de\/de\/wp-json\/wp\/v2\/comments?post=223698"}],"version-history":[{"count":1,"href":"https:\/\/erlebniswelt-fliegenfischen.de\/de\/wp-json\/wp\/v2\/pages\/223698\/revisions"}],"predecessor-version":[{"id":223699,"href":"https:\/\/erlebniswelt-fliegenfischen.de\/de\/wp-json\/wp\/v2\/pages\/223698\/revisions\/223699"}],"wp:attachment":[{"href":"https:\/\/erlebniswelt-fliegenfischen.de\/de\/wp-json\/wp\/v2\/media?parent=223698"}],"curies":[{"name":"wp","href":"https:\/\/api.w.org\/{rel}","templated":true}]}}