{"id":223675,"date":"2026-03-14T21:43:27","date_gmt":"2026-03-14T20:43:27","guid":{"rendered":"https:\/\/erlebniswelt-fliegenfischen.de\/ewf-2026\/programm-fuer-kinder-und-jugendliche\/"},"modified":"2026-03-30T17:00:42","modified_gmt":"2026-03-30T15:00:42","slug":"programm-fuer-kinder-und-jugendliche","status":"publish","type":"page","link":"https:\/\/erlebniswelt-fliegenfischen.de\/de\/ewf-2026\/programm-fuer-kinder-und-jugendliche\/","title":{"rendered":"Programm f\u00fcr Kinder und Jugendliche"},"content":{"rendered":"<div class=\"et_pb_section_0 et_pb_section et_section_regular et_flex_section preset--module--divi-section--default\">\n<div class=\"et_pb_row_0 et_pb_row et_flex_row preset--module--divi-row--default\">\n<div class=\"et_pb_column_0 et_pb_column et-last-child et_flex_column et_pb_css_mix_blend_mode_passthrough et_flex_column_24_24 et_flex_column_24_24_tablet et_flex_column_24_24_phone\">\n<div class=\"et_pb_text_0 et_pb_text et_pb_bg_layout_light et_pb_module et_flex_module\"><div class=\"et_pb_text_inner\"><h1>Programm f\u00fcr Kinder und Jugendliche<\/h1>\n<\/div><\/div>\n\n<div class=\"et_pb_text_1 et_pb_text et_pb_bg_layout_light et_pb_module et_flex_module\"><div class=\"et_pb_text_inner\"><h2>EWF 2026<\/h2>\n<\/div><\/div>\n<\/div>\n<\/div>\n<\/div>\n\n<div class=\"et_pb_section_1 et_pb_section et_section_regular et_flex_section preset--module--divi-section--default\">\n<div class=\"et_pb_row_1 et_pb_row et_flex_row preset--module--divi-row--default\">\n<div class=\"et_pb_column_1 et_pb_column et-last-child et_flex_column et_pb_css_mix_blend_mode_passthrough et_flex_column_24_24 et_flex_column_24_24_tablet\">\n<div class=\"et_pb_module et_pb_button_module_wrapper et_pb_button_0_wrapper preset--module--divi-button--default_wrapper\"><a class=\"et_pb_button_0 et_pb_button et_pb_bg_layout_light et_pb_module et_flex_module preset--module--divi-button--default\" href=\"#fly-tying\">Fliegenbinden<\/a><\/div>\n\n<div class=\"et_pb_module et_pb_button_module_wrapper et_pb_button_1_wrapper preset--module--divi-button--default_wrapper\"><a class=\"et_pb_button_1 et_pb_button et_pb_bg_layout_light et_pb_module et_flex_module preset--module--divi-button--default\" href=\"#casting\">Casting<\/a><\/div>\n<\/div>\n<\/div>\n<\/div>\n\n<div class=\"et_pb_section_2 et_pb_section et_section_regular et_flex_section preset--module--divi-section--default\" id=\"fly-tying\">\n<div class=\"et_pb_row_2 et_pb_row et_flex_row preset--module--divi-row--default\" id=\"samstag\">\n<div class=\"et_pb_column_2 et_pb_column et_flex_column et_pb_css_mix_blend_mode_passthrough et_flex_column_3_5 et_flex_column_3_5_tablet et_flex_column_24_24_phone\">\n<div class=\"et_pb_text_2 et_pb_text et_pb_bg_layout_light et_pb_module et_flex_module\"><div class=\"et_pb_text_inner\"><h2>1. <strong>Fliegenbinden<\/strong><\/h2>\n<p>F\u00fcr unsere jungen Besucher bieten wir auf der EWF wieder unser traditionelles Fliegenbinden f\u00fcr Kinder und Jugendliche an. Hier k\u00f6nnt ihr nach Herzenslust Fliegen binden und neue Muster erfinden! <\/p>\n<\/div><\/div>\n\n<div class=\"et_pb_group_0 et_pb_group et-last-child et_pb_module et_flex_group et_pb_css_mix_blend_mode_passthrough\">\n<div class=\"et_pb_image_0 et_pb_image et_pb_module et_flex_module preset--module--divi-image--fn0jh2ulqy\"><a href=\"https:\/\/erlebniswelt-fliegenfischen.b-cdn.net\/wp-content\/uploads\/2026\/03\/D9A6138.webp\" class=\"et_pb_lightbox_image\"><span class=\"et_pb_image_wrap\"><img loading=\"lazy\" decoding=\"async\" src=\"https:\/\/erlebniswelt-fliegenfischen.b-cdn.net\/wp-content\/uploads\/2026\/03\/D9A6138.webp\" title=\"_D9A6138\" width=\"1920\" height=\"1280\" srcset=\"https:\/\/erlebniswelt-fliegenfischen.de\/wp-content\/uploads\/2026\/03\/D9A6138.webp 1920w, https:\/\/erlebniswelt-fliegenfischen.de\/wp-content\/uploads\/2026\/03\/D9A6138-300x200.webp 300w, https:\/\/erlebniswelt-fliegenfischen.de\/wp-content\/uploads\/2026\/03\/D9A6138-1024x683.webp 1024w, https:\/\/erlebniswelt-fliegenfischen.de\/wp-content\/uploads\/2026\/03\/D9A6138-768x512.webp 768w, https:\/\/erlebniswelt-fliegenfischen.de\/wp-content\/uploads\/2026\/03\/D9A6138-1536x1024.webp 1536w, https:\/\/erlebniswelt-fliegenfischen.de\/wp-content\/uploads\/2026\/03\/D9A6138-1080x720.webp 1080w, https:\/\/erlebniswelt-fliegenfischen.de\/wp-content\/uploads\/2026\/03\/D9A6138-1280x853.webp 1280w, https:\/\/erlebniswelt-fliegenfischen.de\/wp-content\/uploads\/2026\/03\/D9A6138-980x653.webp 980w, https:\/\/erlebniswelt-fliegenfischen.de\/wp-content\/uploads\/2026\/03\/D9A6138-480x320.webp 480w\" sizes=\"(max-width: 1920px) 100vw, 1920px\" class=\"wp-image-223013\" \/><\/span><\/a><\/div>\n\n<div class=\"et_pb_image_1 et_pb_image et_pb_module et_flex_module preset--module--divi-image--fn0jh2ulqy\"><a href=\"https:\/\/erlebniswelt-fliegenfischen.b-cdn.net\/wp-content\/uploads\/2026\/03\/IMGL6073.webp\" class=\"et_pb_lightbox_image\"><span class=\"et_pb_image_wrap\"><img loading=\"lazy\" decoding=\"async\" src=\"https:\/\/erlebniswelt-fliegenfischen.b-cdn.net\/wp-content\/uploads\/2026\/03\/IMGL6073.webp\" title=\"IMGL6073\" width=\"1920\" height=\"1280\" srcset=\"https:\/\/erlebniswelt-fliegenfischen.de\/wp-content\/uploads\/2026\/03\/IMGL6073.webp 1920w, https:\/\/erlebniswelt-fliegenfischen.de\/wp-content\/uploads\/2026\/03\/IMGL6073-300x200.webp 300w, https:\/\/erlebniswelt-fliegenfischen.de\/wp-content\/uploads\/2026\/03\/IMGL6073-1024x683.webp 1024w, https:\/\/erlebniswelt-fliegenfischen.de\/wp-content\/uploads\/2026\/03\/IMGL6073-768x512.webp 768w, https:\/\/erlebniswelt-fliegenfischen.de\/wp-content\/uploads\/2026\/03\/IMGL6073-1536x1024.webp 1536w, https:\/\/erlebniswelt-fliegenfischen.de\/wp-content\/uploads\/2026\/03\/IMGL6073-1080x720.webp 1080w, https:\/\/erlebniswelt-fliegenfischen.de\/wp-content\/uploads\/2026\/03\/IMGL6073-1280x853.webp 1280w, https:\/\/erlebniswelt-fliegenfischen.de\/wp-content\/uploads\/2026\/03\/IMGL6073-980x653.webp 980w, https:\/\/erlebniswelt-fliegenfischen.de\/wp-content\/uploads\/2026\/03\/IMGL6073-480x320.webp 480w\" sizes=\"(max-width: 1920px) 100vw, 1920px\" class=\"wp-image-223014\" \/><\/span><\/a><\/div>\n<\/div>\n<\/div>\n\n<div class=\"et_pb_column_3 et_pb_column et-last-child et_flex_column et_pb_css_mix_blend_mode_passthrough et_flex_column_2_5 et_flex_column_2_5_tablet et_flex_column_24_24_phone\">\n<div class=\"et_pb_image_2 et_pb_image et_pb_module et_flex_module preset--module--divi-image--fn0jh2ulqy\"><a href=\"https:\/\/erlebniswelt-fliegenfischen.b-cdn.net\/wp-content\/uploads\/2026\/03\/D9A2446.webp\" class=\"et_pb_lightbox_image\"><span class=\"et_pb_image_wrap\"><img loading=\"lazy\" decoding=\"async\" src=\"https:\/\/erlebniswelt-fliegenfischen.b-cdn.net\/wp-content\/uploads\/2026\/03\/D9A2446.webp\" title=\"_D9A2446\" width=\"1920\" height=\"1280\" srcset=\"https:\/\/erlebniswelt-fliegenfischen.de\/wp-content\/uploads\/2026\/03\/D9A2446.webp 1920w, https:\/\/erlebniswelt-fliegenfischen.de\/wp-content\/uploads\/2026\/03\/D9A2446-300x200.webp 300w, https:\/\/erlebniswelt-fliegenfischen.de\/wp-content\/uploads\/2026\/03\/D9A2446-1024x683.webp 1024w, https:\/\/erlebniswelt-fliegenfischen.de\/wp-content\/uploads\/2026\/03\/D9A2446-768x512.webp 768w, https:\/\/erlebniswelt-fliegenfischen.de\/wp-content\/uploads\/2026\/03\/D9A2446-1536x1024.webp 1536w, https:\/\/erlebniswelt-fliegenfischen.de\/wp-content\/uploads\/2026\/03\/D9A2446-1080x720.webp 1080w, https:\/\/erlebniswelt-fliegenfischen.de\/wp-content\/uploads\/2026\/03\/D9A2446-1280x853.webp 1280w, https:\/\/erlebniswelt-fliegenfischen.de\/wp-content\/uploads\/2026\/03\/D9A2446-980x653.webp 980w, https:\/\/erlebniswelt-fliegenfischen.de\/wp-content\/uploads\/2026\/03\/D9A2446-480x320.webp 480w\" sizes=\"(max-width: 1920px) 100vw, 1920px\" class=\"wp-image-223012\" \/><\/span><\/a><\/div>\n<\/div>\n<\/div>\n\n<div class=\"et_pb_row_3 et_pb_row et_flex_row preset--module--divi-row--default\">\n<div class=\"et_pb_column_4 et_pb_column et-last-child et_flex_column et_pb_css_mix_blend_mode_passthrough et_flex_column_24_24 et_flex_column_24_24_tablet et_flex_column_24_24_phone\">\n<div class=\"et_pb_group_1 et_pb_group et-last-child et_pb_module et_flex_group et_pb_css_mix_blend_mode_passthrough\">\n<div class=\"et_pb_row_4 et_pb_row et_pb_row_nested et_flex_row preset--module--divi-row--default\">\n<div class=\"et_pb_column_5 et_pb_column et-last-child et_flex_column et_pb_css_mix_blend_mode_passthrough et_flex_column_24_24 et_flex_column_24_24_tablet et_flex_column_24_24_phone\">\n<div class=\"et_pb_text_3 et_pb_text et_pb_bg_layout_light et_pb_module et_flex_module\"><div class=\"et_pb_text_inner\"><h3>Bindewettbewerb zum Motto: \u201eKribbel-Krabbel Fliege, alles was im und am Wasser kreucht und fleucht\u201c<\/h3>\n<\/div><\/div>\n<\/div>\n<\/div>\n\n<div class=\"et_pb_row_5 et_pb_row et_pb_row_nested et_grid_row preset--module--divi-row--default\">\n<div class=\"et_pb_column_6 et_pb_column et_flex_column et_pb_css_mix_blend_mode_passthrough\">\n<div class=\"et_pb_text_4 et_pb_text et_pb_bg_layout_light et_pb_module et_flex_module\"><div class=\"et_pb_text_inner\"><p>Es wird in <strong>zwei Altersgruppen<\/strong> gebunden<\/p>\n<ul>\n<li>bis 12 Jahre (Gruppe 1)<\/li>\n<li>13 - 16 Jahre (Gruppe 2)<\/li>\n<\/ul>\n<p><strong>Bindezeit f\u00fcr den Wettbewerb<\/strong><br \/>Samstag von 09:00 Uhr bis 17:00 Uhr<br \/>Sonntag von 09:00 Uhr bis 13:30 Uhr<\/p>\n<p><strong>Preise<\/strong><br \/>Die ersten Pl\u00e4tze erhalten Urkunden und tolle Sachpreise.<\/p>\n<\/div><\/div>\n<\/div>\n\n<div class=\"et_pb_column_7 et_pb_column et-last-child et_flex_column et_pb_css_mix_blend_mode_passthrough\">\n<div class=\"et_pb_text_5 et_pb_text et_pb_bg_layout_light et_pb_module et_flex_module\"><div class=\"et_pb_text_inner\"><p><strong>Regeln f\u00fcr den Wettbewerb:<\/strong><\/p>\n<ul>\n<li>Wir haben gen\u00fcgend Material da, mit dem gebunden werden kann, daher soll bitte kein eigenes mitgebracht werden.<\/li>\n<li>Die Wettbewerbsfliege ist ohne gr\u00f6\u00dfere Hilfe von uns zu binden. (Beim Kopfknoten oder kleineren Unsicherheiten helfen wir nat\u00fcrlich trotzdem). <\/li>\n<\/ul>\n<p><strong>Auswertung und Preisverleihung<\/strong><br \/>Die Fliege wird von der Jury vor Ort bewertet. Die Auswertung und anschlie\u00dfende Preisverleihung f\u00fcr die Gruppen 1 und 2 finden am Sonntag um 15 Uhr am Kinder- und Jugendbindetisch statt. Sollten Gewinner nicht mehr vor Ort sein, werden diese schriftlich benachrichtigt.  <\/p>\n<\/div><\/div>\n<\/div>\n<\/div>\n<\/div>\n<\/div>\n<\/div>\n\n<div class=\"et_pb_row_6 et_pb_row et_flex_row preset--module--divi-row--default\" id=\"samstag\">\n<div class=\"et_pb_column_8 et_pb_column et-last-child et_flex_column et_pb_css_mix_blend_mode_passthrough et_flex_column_24_24 et_flex_column_3_5_tablet et_flex_column_24_24_phone\">\n<div class=\"et_pb_text_6 et_pb_text et_pb_bg_layout_light et_pb_module et_flex_module\"><div class=\"et_pb_text_inner\"><p><strong>Dankesch\u00f6n<\/strong><br \/>Wir bedanken uns ganz herzlich bei allen Sponsoren f\u00fcr ihre gro\u00dfz\u00fcgigen Sachspenden und Preise.<br \/>Unser besonderer Dank gilt auch Lara Schreiber und Horst Burgstaller, die die das Programm organisieren und bei der Koordination des Programms vor Ort tatkr\u00e4ftig mithelfen.<br \/>Weiterhin Leonie und Hubert Hartmann, die das Fliegenbindeteam tatkr\u00e4ftig verst\u00e4rken.<\/p>\n<\/div><\/div>\n<\/div>\n<\/div>\n<\/div>\n\n<div class=\"et_pb_section_3 et_pb_section et_section_regular et_flex_section preset--module--divi-section--default\" id=\"casting\">\n<div class=\"et_pb_row_7 et_pb_row et_flex_row preset--module--divi-row--default\" id=\"samstag\">\n<div class=\"et_pb_column_9 et_pb_column et_flex_column et_pb_css_mix_blend_mode_passthrough et_flex_column_12_24 et_flex_column_12_24_tablet et_flex_column_24_24_phone\">\n<div class=\"et_pb_text_7 et_pb_text et_pb_bg_layout_light et_pb_module et_flex_module\"><div class=\"et_pb_text_inner\"><h2>2. Casting<\/h2>\n<p>Liebe Jung-Fliegenfischer und Fliegenfischerinnen, auch f\u00fcr Euch wird es wieder das Casting-Programm geben.<\/p>\n<p>An beiden EWF-Tagen k\u00f6nnen Kinder und Jugendliche gemeinsam mit den Instruktoren Adrian, Josef, Sebastian und Cora an den Pool gehen, um die Fliegenrute zu werfen, zu testen, auszuprobieren etc.<\/p>\n<p>Unabh\u00e4ngig davon, ob sie schon einmal eine Fliegenrute geworfen haben, oder nicht - das spielt hier keine Rolle! Die Instruktoren zeigen den Umgang mit dem Fliegenfischger\u00e4t, geben Tipps und Anregungen. <\/p>\n<\/div><\/div>\n\n<div class=\"et_pb_image_3 et_pb_image et_pb_module et_flex_module preset--module--divi-image--fn0jh2ulqy\"><a href=\"https:\/\/erlebniswelt-fliegenfischen.b-cdn.net\/wp-content\/uploads\/2026\/03\/IMG_3609.webp\" class=\"et_pb_lightbox_image\"><span class=\"et_pb_image_wrap\"><img loading=\"lazy\" decoding=\"async\" src=\"https:\/\/erlebniswelt-fliegenfischen.b-cdn.net\/wp-content\/uploads\/2026\/03\/IMG_3609.webp\" title=\"IMG_3609\" width=\"1920\" height=\"1280\" srcset=\"https:\/\/erlebniswelt-fliegenfischen.de\/wp-content\/uploads\/2026\/03\/IMG_3609.webp 1920w, https:\/\/erlebniswelt-fliegenfischen.de\/wp-content\/uploads\/2026\/03\/IMG_3609-300x200.webp 300w, https:\/\/erlebniswelt-fliegenfischen.de\/wp-content\/uploads\/2026\/03\/IMG_3609-1024x683.webp 1024w, https:\/\/erlebniswelt-fliegenfischen.de\/wp-content\/uploads\/2026\/03\/IMG_3609-768x512.webp 768w, https:\/\/erlebniswelt-fliegenfischen.de\/wp-content\/uploads\/2026\/03\/IMG_3609-1536x1024.webp 1536w, https:\/\/erlebniswelt-fliegenfischen.de\/wp-content\/uploads\/2026\/03\/IMG_3609-1080x720.webp 1080w, https:\/\/erlebniswelt-fliegenfischen.de\/wp-content\/uploads\/2026\/03\/IMG_3609-1280x853.webp 1280w, https:\/\/erlebniswelt-fliegenfischen.de\/wp-content\/uploads\/2026\/03\/IMG_3609-980x653.webp 980w, https:\/\/erlebniswelt-fliegenfischen.de\/wp-content\/uploads\/2026\/03\/IMG_3609-480x320.webp 480w\" sizes=\"(max-width: 1920px) 100vw, 1920px\" class=\"wp-image-223016\" \/><\/span><\/a><\/div>\n<\/div>\n\n<div class=\"et_pb_column_10 et_pb_column et-last-child et_flex_column et_pb_css_mix_blend_mode_passthrough et_flex_column_12_24 et_flex_column_12_24_tablet et_flex_column_24_24_phone\">\n<div class=\"et_pb_image_4 et_pb_image et_pb_module et_flex_module preset--module--divi-image--fn0jh2ulqy\"><a href=\"https:\/\/erlebniswelt-fliegenfischen.b-cdn.net\/wp-content\/uploads\/2026\/03\/IMGL5056.webp\" class=\"et_pb_lightbox_image\"><span class=\"et_pb_image_wrap\"><img loading=\"lazy\" decoding=\"async\" src=\"https:\/\/erlebniswelt-fliegenfischen.b-cdn.net\/wp-content\/uploads\/2026\/03\/IMGL5056.webp\" title=\"IMGL5056\" width=\"1920\" height=\"1280\" srcset=\"https:\/\/erlebniswelt-fliegenfischen.de\/wp-content\/uploads\/2026\/03\/IMGL5056.webp 1920w, https:\/\/erlebniswelt-fliegenfischen.de\/wp-content\/uploads\/2026\/03\/IMGL5056-300x200.webp 300w, https:\/\/erlebniswelt-fliegenfischen.de\/wp-content\/uploads\/2026\/03\/IMGL5056-1024x683.webp 1024w, https:\/\/erlebniswelt-fliegenfischen.de\/wp-content\/uploads\/2026\/03\/IMGL5056-768x512.webp 768w, https:\/\/erlebniswelt-fliegenfischen.de\/wp-content\/uploads\/2026\/03\/IMGL5056-1536x1024.webp 1536w, https:\/\/erlebniswelt-fliegenfischen.de\/wp-content\/uploads\/2026\/03\/IMGL5056-1080x720.webp 1080w, https:\/\/erlebniswelt-fliegenfischen.de\/wp-content\/uploads\/2026\/03\/IMGL5056-1280x853.webp 1280w, https:\/\/erlebniswelt-fliegenfischen.de\/wp-content\/uploads\/2026\/03\/IMGL5056-980x653.webp 980w, https:\/\/erlebniswelt-fliegenfischen.de\/wp-content\/uploads\/2026\/03\/IMGL5056-480x320.webp 480w\" sizes=\"(max-width: 1920px) 100vw, 1920px\" class=\"wp-image-223015\" \/><\/span><\/a><\/div>\n\n<div class=\"et_pb_text_8 et_pb_text et_pb_bg_layout_light et_pb_module et_flex_module\"><div class=\"et_pb_text_inner\"><p>Es wird wieder feste Zeiten am 2. Casting-Pool geben. Die Zeitfenster daf\u00fcr sind: <\/p>\n<p><strong>Samstag und Sonntag<\/strong><\/p>\n<ul>\n<li>11:00 Uhr bis 11:30 Uhr<\/li>\n<li>14:00 Uhr bis 14:30 Uhr<\/li>\n<li>15:30 Uhr bis 16:00 Uhr<\/li>\n<\/ul>\n<p><strong>Information und Anmeldung<\/strong><br \/>Alle Interessierten kommen bitte zum Stand \"Casting f\u00fcr Kinder und Jugendliche\" im Erdgeschoss der Tenne, direkt gegen\u00fcber der Gastronomie. <\/p>\n<\/div><\/div>\n<\/div>\n<\/div>\n\n<div class=\"et_pb_row_8 et_pb_row et_flex_row preset--module--divi-row--default\" id=\"samstag\">\n<div class=\"et_pb_column_11 et_pb_column et-last-child et_flex_column et_pb_css_mix_blend_mode_passthrough et_flex_column_24_24 et_flex_column_3_5_tablet et_flex_column_24_24_phone\">\n<div class=\"et_pb_text_9 et_pb_text et_pb_bg_layout_light et_pb_module et_flex_module\"><div class=\"et_pb_text_inner\"><p><strong>Dankesch\u00f6n<\/strong><br \/>Unser besonderer Dank gilt Adrian Hauser, Josef Lichtenauer, Sebastian Haft und Cora Nicolasen, die das Programm organisieren und bei der Koordination des Programms vor Ort tatkr\u00e4ftig mithelfen.<\/p>\n<\/div><\/div>\n<\/div>\n<\/div>\n<\/div>","protected":false},"excerpt":{"rendered":"","protected":false},"author":1,"featured_media":0,"parent":223421,"menu_order":0,"comment_status":"closed","ping_status":"closed","template":"","meta":{"_acf_changed":false,"footnotes":""},"class_list":["post-223675","page","type-page","status-publish","hentry"],"acf":[],"yoast_head":"<!-- This site is optimized with the Yoast SEO plugin v27.3 - https:\/\/yoast.com\/product\/yoast-seo-wordpress\/ -->\n<title>Programm f\u00fcr Kinder und Jugendliche - Experience the World of Flyfishing 2026<\/title>\n<meta name=\"description\" content=\"F\u00fchren Sie die n\u00e4chste Generation in das Fliegenfischen ein. Unser Kinderprogramm bietet unterhaltsame Aktivit\u00e4ten, Anf\u00e4ngerkurse und praktische Erfahrungen f\u00fcr junge Angler.\" \/>\n<meta name=\"robots\" content=\"index, follow, max-snippet:-1, max-image-preview:large, max-video-preview:-1\" \/>\n<link rel=\"canonical\" href=\"https:\/\/erlebniswelt-fliegenfischen.de\/de\/ewf-2026\/programm-fuer-kinder-und-jugendliche\/\" \/>\n<meta property=\"og:locale\" content=\"de_DE\" \/>\n<meta property=\"og:type\" content=\"article\" \/>\n<meta property=\"og:title\" content=\"Programm f\u00fcr Kinder und Jugendliche - Experience the World of Flyfishing 2026\" \/>\n<meta property=\"og:description\" content=\"F\u00fchren Sie die n\u00e4chste Generation in das Fliegenfischen ein. Unser Kinderprogramm bietet unterhaltsame Aktivit\u00e4ten, Anf\u00e4ngerkurse und praktische Erfahrungen f\u00fcr junge Angler.\" \/>\n<meta property=\"og:url\" content=\"https:\/\/erlebniswelt-fliegenfischen.de\/de\/ewf-2026\/programm-fuer-kinder-und-jugendliche\/\" \/>\n<meta property=\"og:site_name\" content=\"Experience the World of Flyfishing 2026\" \/>\n<meta property=\"article:publisher\" content=\"https:\/\/www.facebook.com\/Erlebniswelt.Fliegenfischen\/\" \/>\n<meta property=\"article:modified_time\" content=\"2026-03-30T15:00:42+00:00\" \/>\n<meta name=\"twitter:card\" content=\"summary_large_image\" \/>\n<script type=\"application\/ld+json\" class=\"yoast-schema-graph\">{\"@context\":\"https:\\\/\\\/schema.org\",\"@graph\":[{\"@type\":\"WebPage\",\"@id\":\"https:\\\/\\\/erlebniswelt-fliegenfischen.de\\\/de\\\/ewf-2026\\\/programm-fuer-kinder-und-jugendliche\\\/\",\"url\":\"https:\\\/\\\/erlebniswelt-fliegenfischen.de\\\/de\\\/ewf-2026\\\/programm-fuer-kinder-und-jugendliche\\\/\",\"name\":\"Programm f\u00fcr Kinder und Jugendliche - Experience the World of Flyfishing 2026\",\"isPartOf\":{\"@id\":\"https:\\\/\\\/erlebniswelt-fliegenfischen.de\\\/de\\\/#website\"},\"datePublished\":\"2026-03-14T20:43:27+00:00\",\"dateModified\":\"2026-03-30T15:00:42+00:00\",\"description\":\"F\u00fchren Sie die n\u00e4chste Generation in das Fliegenfischen ein. Unser Kinderprogramm bietet unterhaltsame Aktivit\u00e4ten, Anf\u00e4ngerkurse und praktische Erfahrungen f\u00fcr junge Angler.\",\"breadcrumb\":{\"@id\":\"https:\\\/\\\/erlebniswelt-fliegenfischen.de\\\/de\\\/ewf-2026\\\/programm-fuer-kinder-und-jugendliche\\\/#breadcrumb\"},\"inLanguage\":\"de\",\"potentialAction\":[{\"@type\":\"ReadAction\",\"target\":[\"https:\\\/\\\/erlebniswelt-fliegenfischen.de\\\/de\\\/ewf-2026\\\/programm-fuer-kinder-und-jugendliche\\\/\"]}]},{\"@type\":\"BreadcrumbList\",\"@id\":\"https:\\\/\\\/erlebniswelt-fliegenfischen.de\\\/de\\\/ewf-2026\\\/programm-fuer-kinder-und-jugendliche\\\/#breadcrumb\",\"itemListElement\":[{\"@type\":\"ListItem\",\"position\":1,\"name\":\"Start\",\"item\":\"https:\\\/\\\/erlebniswelt-fliegenfischen.de\\\/de\\\/\"},{\"@type\":\"ListItem\",\"position\":2,\"name\":\"EWF 2026\",\"item\":\"https:\\\/\\\/erlebniswelt-fliegenfischen.de\\\/de\\\/ewf-2026\\\/\"},{\"@type\":\"ListItem\",\"position\":3,\"name\":\"Programm f\u00fcr Kinder und Jugendliche\"}]},{\"@type\":\"WebSite\",\"@id\":\"https:\\\/\\\/erlebniswelt-fliegenfischen.de\\\/de\\\/#website\",\"url\":\"https:\\\/\\\/erlebniswelt-fliegenfischen.de\\\/de\\\/\",\"name\":\"Experience the World of Flyfishing 2026\",\"description\":\"\",\"publisher\":{\"@id\":\"https:\\\/\\\/erlebniswelt-fliegenfischen.de\\\/de\\\/#organization\"},\"potentialAction\":[{\"@type\":\"SearchAction\",\"target\":{\"@type\":\"EntryPoint\",\"urlTemplate\":\"https:\\\/\\\/erlebniswelt-fliegenfischen.de\\\/de\\\/?s={search_term_string}\"},\"query-input\":{\"@type\":\"PropertyValueSpecification\",\"valueRequired\":true,\"valueName\":\"search_term_string\"}}],\"inLanguage\":\"de\"},{\"@type\":\"Organization\",\"@id\":\"https:\\\/\\\/erlebniswelt-fliegenfischen.de\\\/de\\\/#organization\",\"name\":\"Experience the World of Flyfishing 2026\",\"url\":\"https:\\\/\\\/erlebniswelt-fliegenfischen.de\\\/de\\\/\",\"logo\":{\"@type\":\"ImageObject\",\"inLanguage\":\"de\",\"@id\":\"https:\\\/\\\/erlebniswelt-fliegenfischen.de\\\/de\\\/#\\\/schema\\\/logo\\\/image\\\/\",\"url\":\"https:\\\/\\\/erlebniswelt-fliegenfischen.de\\\/wp-content\\\/uploads\\\/2026\\\/03\\\/EWF_Logo_MZ_K3.png\",\"contentUrl\":\"https:\\\/\\\/erlebniswelt-fliegenfischen.de\\\/wp-content\\\/uploads\\\/2026\\\/03\\\/EWF_Logo_MZ_K3.png\",\"width\":2295,\"height\":2295,\"caption\":\"Experience the World of Flyfishing 2026\"},\"image\":{\"@id\":\"https:\\\/\\\/erlebniswelt-fliegenfischen.de\\\/de\\\/#\\\/schema\\\/logo\\\/image\\\/\"},\"sameAs\":[\"https:\\\/\\\/www.facebook.com\\\/Erlebniswelt.Fliegenfischen\\\/\",\"https:\\\/\\\/www.instagram.com\\\/erlebniswelt_fliegenfischen\\\/\"]}]}<\/script>\n<!-- \/ Yoast SEO plugin. -->","yoast_head_json":{"title":"Programm f\u00fcr Kinder und Jugendliche - Experience the World of Flyfishing 2026","description":"F\u00fchren Sie die n\u00e4chste Generation in das Fliegenfischen ein. Unser Kinderprogramm bietet unterhaltsame Aktivit\u00e4ten, Anf\u00e4ngerkurse und praktische Erfahrungen f\u00fcr junge Angler.","robots":{"index":"index","follow":"follow","max-snippet":"max-snippet:-1","max-image-preview":"max-image-preview:large","max-video-preview":"max-video-preview:-1"},"canonical":"https:\/\/erlebniswelt-fliegenfischen.de\/de\/ewf-2026\/programm-fuer-kinder-und-jugendliche\/","og_locale":"de_DE","og_type":"article","og_title":"Programm f\u00fcr Kinder und Jugendliche - Experience the World of Flyfishing 2026","og_description":"F\u00fchren Sie die n\u00e4chste Generation in das Fliegenfischen ein. Unser Kinderprogramm bietet unterhaltsame Aktivit\u00e4ten, Anf\u00e4ngerkurse und praktische Erfahrungen f\u00fcr junge Angler.","og_url":"https:\/\/erlebniswelt-fliegenfischen.de\/de\/ewf-2026\/programm-fuer-kinder-und-jugendliche\/","og_site_name":"Experience the World of Flyfishing 2026","article_publisher":"https:\/\/www.facebook.com\/Erlebniswelt.Fliegenfischen\/","article_modified_time":"2026-03-30T15:00:42+00:00","twitter_card":"summary_large_image","schema":{"@context":"https:\/\/schema.org","@graph":[{"@type":"WebPage","@id":"https:\/\/erlebniswelt-fliegenfischen.de\/de\/ewf-2026\/programm-fuer-kinder-und-jugendliche\/","url":"https:\/\/erlebniswelt-fliegenfischen.de\/de\/ewf-2026\/programm-fuer-kinder-und-jugendliche\/","name":"Programm f\u00fcr Kinder und Jugendliche - Experience the World of Flyfishing 2026","isPartOf":{"@id":"https:\/\/erlebniswelt-fliegenfischen.de\/de\/#website"},"datePublished":"2026-03-14T20:43:27+00:00","dateModified":"2026-03-30T15:00:42+00:00","description":"F\u00fchren Sie die n\u00e4chste Generation in das Fliegenfischen ein. Unser Kinderprogramm bietet unterhaltsame Aktivit\u00e4ten, Anf\u00e4ngerkurse und praktische Erfahrungen f\u00fcr junge Angler.","breadcrumb":{"@id":"https:\/\/erlebniswelt-fliegenfischen.de\/de\/ewf-2026\/programm-fuer-kinder-und-jugendliche\/#breadcrumb"},"inLanguage":"de","potentialAction":[{"@type":"ReadAction","target":["https:\/\/erlebniswelt-fliegenfischen.de\/de\/ewf-2026\/programm-fuer-kinder-und-jugendliche\/"]}]},{"@type":"BreadcrumbList","@id":"https:\/\/erlebniswelt-fliegenfischen.de\/de\/ewf-2026\/programm-fuer-kinder-und-jugendliche\/#breadcrumb","itemListElement":[{"@type":"ListItem","position":1,"name":"Start","item":"https:\/\/erlebniswelt-fliegenfischen.de\/de\/"},{"@type":"ListItem","position":2,"name":"EWF 2026","item":"https:\/\/erlebniswelt-fliegenfischen.de\/de\/ewf-2026\/"},{"@type":"ListItem","position":3,"name":"Programm f\u00fcr Kinder und Jugendliche"}]},{"@type":"WebSite","@id":"https:\/\/erlebniswelt-fliegenfischen.de\/de\/#website","url":"https:\/\/erlebniswelt-fliegenfischen.de\/de\/","name":"Experience the World of Flyfishing 2026","description":"","publisher":{"@id":"https:\/\/erlebniswelt-fliegenfischen.de\/de\/#organization"},"potentialAction":[{"@type":"SearchAction","target":{"@type":"EntryPoint","urlTemplate":"https:\/\/erlebniswelt-fliegenfischen.de\/de\/?s={search_term_string}"},"query-input":{"@type":"PropertyValueSpecification","valueRequired":true,"valueName":"search_term_string"}}],"inLanguage":"de"},{"@type":"Organization","@id":"https:\/\/erlebniswelt-fliegenfischen.de\/de\/#organization","name":"Experience the World of Flyfishing 2026","url":"https:\/\/erlebniswelt-fliegenfischen.de\/de\/","logo":{"@type":"ImageObject","inLanguage":"de","@id":"https:\/\/erlebniswelt-fliegenfischen.de\/de\/#\/schema\/logo\/image\/","url":"https:\/\/erlebniswelt-fliegenfischen.de\/wp-content\/uploads\/2026\/03\/EWF_Logo_MZ_K3.png","contentUrl":"https:\/\/erlebniswelt-fliegenfischen.de\/wp-content\/uploads\/2026\/03\/EWF_Logo_MZ_K3.png","width":2295,"height":2295,"caption":"Experience the World of Flyfishing 2026"},"image":{"@id":"https:\/\/erlebniswelt-fliegenfischen.de\/de\/#\/schema\/logo\/image\/"},"sameAs":["https:\/\/www.facebook.com\/Erlebniswelt.Fliegenfischen\/","https:\/\/www.instagram.com\/erlebniswelt_fliegenfischen\/"]}]}},"_links":{"self":[{"href":"https:\/\/erlebniswelt-fliegenfischen.de\/de\/wp-json\/wp\/v2\/pages\/223675","targetHints":{"allow":["GET"]}}],"collection":[{"href":"https:\/\/erlebniswelt-fliegenfischen.de\/de\/wp-json\/wp\/v2\/pages"}],"about":[{"href":"https:\/\/erlebniswelt-fliegenfischen.de\/de\/wp-json\/wp\/v2\/types\/page"}],"author":[{"embeddable":true,"href":"https:\/\/erlebniswelt-fliegenfischen.de\/de\/wp-json\/wp\/v2\/users\/1"}],"replies":[{"embeddable":true,"href":"https:\/\/erlebniswelt-fliegenfischen.de\/de\/wp-json\/wp\/v2\/comments?post=223675"}],"version-history":[{"count":3,"href":"https:\/\/erlebniswelt-fliegenfischen.de\/de\/wp-json\/wp\/v2\/pages\/223675\/revisions"}],"predecessor-version":[{"id":223964,"href":"https:\/\/erlebniswelt-fliegenfischen.de\/de\/wp-json\/wp\/v2\/pages\/223675\/revisions\/223964"}],"up":[{"embeddable":true,"href":"https:\/\/erlebniswelt-fliegenfischen.de\/de\/wp-json\/wp\/v2\/pages\/223421"}],"wp:attachment":[{"href":"https:\/\/erlebniswelt-fliegenfischen.de\/de\/wp-json\/wp\/v2\/media?parent=223675"}],"curies":[{"name":"wp","href":"https:\/\/api.w.org\/{rel}","templated":true}]}}