{"id":223672,"date":"2026-03-10T16:35:34","date_gmt":"2026-03-10T15:35:34","guid":{"rendered":"https:\/\/erlebniswelt-fliegenfischen.de\/ewf-2026\/frauenprogramm\/"},"modified":"2026-04-02T19:07:34","modified_gmt":"2026-04-02T17:07:34","slug":"frauenprogramm","status":"publish","type":"page","link":"https:\/\/erlebniswelt-fliegenfischen.de\/de\/ewf-2026\/frauenprogramm\/","title":{"rendered":"Frauenprogramm"},"content":{"rendered":"<div class=\"et_pb_section_0 et_pb_section et_section_regular et_flex_section preset--module--divi-section--default\">\n<div class=\"et_pb_row_0 et_pb_row et_flex_row preset--module--divi-row--default\">\n<div class=\"et_pb_column_0 et_pb_column et-last-child et_flex_column et_pb_css_mix_blend_mode_passthrough et_flex_column_24_24 et_flex_column_24_24_tablet et_flex_column_24_24_phone\">\n<div class=\"et_pb_text_0 et_pb_text et_pb_bg_layout_light et_pb_module et_flex_module\"><div class=\"et_pb_text_inner\"><h1>Frauenprogramm<\/h1>\n<\/div><\/div>\n\n<div class=\"et_pb_text_1 et_pb_text et_pb_bg_layout_light et_pb_module et_flex_module\"><div class=\"et_pb_text_inner\"><h2>EWF 2026<\/h2>\n<\/div><\/div>\n<\/div>\n<\/div>\n<\/div>\n\n<div class=\"et_pb_section_1 et_pb_section et_section_regular et_flex_section preset--module--divi-section--default\">\n<div class=\"et_pb_row_1 et_pb_row et_flex_row preset--module--divi-row--default\">\n<div class=\"et_pb_column_1 et_pb_column et-last-child et_flex_column et_pb_css_mix_blend_mode_passthrough et_flex_column_24_24 et_flex_column_24_24_tablet et_flex_column_24_24_phone\">\n<div class=\"et_pb_text_2 et_pb_text et_pb_bg_layout_light et_pb_module et_flex_module\"><div class=\"et_pb_text_inner\"><p>Wir freuen uns, Lucinda Ewin aus Nordengland als neues Gesicht des Frauenprogramms auf der EWF begr\u00fc\u00dfen zu d\u00fcrfen.<br \/><span>Ab diesem Jahr<\/span> \u00fcbernimmt Lucinda die Verantwortung f\u00fcr die Weiterf\u00fchrung des beliebten Frauenprogramms. Sie bringt zum einen viel Erfahrung am Wasser mit und zum anderen hat sie vor allem Freude daran, andere Frauen f\u00fcr das Fliegenfischen zu begeistern. Sie wird an beiden Tagen mit Tipps und Tricks allen Frauen zur Seite stehen, die mit dem Fliegenfischen beginnen oder auch ihr Werfen verbessern wollen.  <\/p>\n<\/div><\/div>\n\n<div class=\"et_pb_image_0 et_pb_image et_pb_module et_flex_module preset--module--divi-image--fn0jh2ulqy\"><span class=\"et_pb_image_wrap\"><img loading=\"lazy\" decoding=\"async\" src=\"https:\/\/erlebniswelt-fliegenfischen.b-cdn.net\/wp-content\/uploads\/2026\/03\/ewf-women-programm-01-1.webp\" title=\"ewf-home-03\" width=\"1920\" height=\"900\" srcset=\"https:\/\/erlebniswelt-fliegenfischen.de\/wp-content\/uploads\/2026\/03\/ewf-women-programm-01-1.webp 1920w, https:\/\/erlebniswelt-fliegenfischen.de\/wp-content\/uploads\/2026\/03\/ewf-women-programm-01-1-300x141.webp 300w, https:\/\/erlebniswelt-fliegenfischen.de\/wp-content\/uploads\/2026\/03\/ewf-women-programm-01-1-1024x480.webp 1024w, https:\/\/erlebniswelt-fliegenfischen.de\/wp-content\/uploads\/2026\/03\/ewf-women-programm-01-1-768x360.webp 768w, https:\/\/erlebniswelt-fliegenfischen.de\/wp-content\/uploads\/2026\/03\/ewf-women-programm-01-1-1536x720.webp 1536w, https:\/\/erlebniswelt-fliegenfischen.de\/wp-content\/uploads\/2026\/03\/ewf-women-programm-01-1-1080x506.webp 1080w, https:\/\/erlebniswelt-fliegenfischen.de\/wp-content\/uploads\/2026\/03\/ewf-women-programm-01-1-1280x600.webp 1280w, https:\/\/erlebniswelt-fliegenfischen.de\/wp-content\/uploads\/2026\/03\/ewf-women-programm-01-1-980x459.webp 980w, https:\/\/erlebniswelt-fliegenfischen.de\/wp-content\/uploads\/2026\/03\/ewf-women-programm-01-1-480x225.webp 480w\" sizes=\"(max-width: 1920px) 100vw, 1920px\" class=\"wp-image-222880\" \/><\/span><\/div>\n\n<div class=\"et_pb_text_3 et_pb_text et_pb_bg_layout_light et_pb_module et_flex_module\"><div class=\"et_pb_text_inner\"><h2>Was wird angeboten \u2013 f\u00fcr Informationen bitte an den Frauenstand im Foyer der Tenne kommen:<\/h2>\n<ul>\n<li><strong>T\u00e4glich vier Mini-Workshops f\u00fcr alle interessierten Fliegenfischerinnen <\/strong><br \/>Fokus liegt auf Anf\u00e4nger und Fortgeschrittene, Einhand und Zweihand \u2013 also f\u00fcr alle Frauen ist etwas dabei!<br \/><strong>45-min\u00fctige Mini-Workshops f\u00fcr Fliegenfischerinnen<\/strong>\n<ul>\n<li>Anf\u00e4nger-Workshop jeweils am Samstag und am Sonntag um 11:00 Uhr und um 15:00 Uhr<\/li>\n<li>Fortgeschrittenen- + 2-Hand-Workshop jeweils am Samstag und am Sonntag um 11:45 Uhr und um 15:45 Uhr<\/li>\n<\/ul>\n<\/li>\n<li><strong>Spa\u00dfiger Wurfwettbewerb f\u00fcr Frauen am Samstag um 16:30 Uhr<\/strong> auf der EWF<br \/>Lucinda ist begeistert von der Idee und l\u00e4dt alle begeisterten Fliegenfischerinnen zum spa\u00dfigen Wurfwettbewerb ein. <br \/>Die drei besten Fliegenfischerinnen im Zielwerfen werden selbstverst\u00e4ndlich einen Preis gewinnen.<br \/>Treffpunkt beim Wurfareal hinter dem gro\u00dfen Casting Pool.<\/li>\n<li><strong>Beratung zu spezieller Bekleidung f\u00fcr Frauen und Fliegenfischerausr\u00fcstung. <\/strong><br \/>Bei Bedarf ber\u00e4t sie Fliegenfischerinnen bei der Auswahl der richtigen Ausr\u00fcstung oder Watbekleidung.<\/li>\n<\/ul>\n<\/div><\/div>\n<\/div>\n<\/div>\n<\/div>\n\n<div class=\"et_pb_section_2 et_pb_section et_section_regular et_flex_section preset--module--divi-section--default\">\n<div class=\"et_pb_row_2 et_pb_row et_flex_row preset--module--divi-row--default\">\n<div class=\"et_pb_column_2 et_pb_column et_flex_column et_pb_css_mix_blend_mode_passthrough et_flex_column_3_5 et_flex_column_3_5_tablet et_flex_column_24_24_phone\">\n<div class=\"et_pb_text_4 et_pb_text et_pb_bg_layout_light et_pb_module et_flex_module\"><div class=\"et_pb_text_inner\"><h2>Mehr zu Lucinda Ewin<\/h2>\n<p>Mein Name ist Lucinda Ewin und ich fische seit \u00fcber einem Jahrzehnt mit der Fliege. Obwohl ich das Fischen auf alle Arten von Fischen liebe, gilt meine gr\u00f6\u00dfte Leidenschaft dem Lachs und der Meerforelle. Ich hatte das Gl\u00fcck, schon in Island, Norwegen und Kanada fischen zu d\u00fcrfen, und es gibt noch viele weitere Reiseziele, die ich besuchen m\u00f6chte.  <\/p>\n<p>Ich bin professioneller AAPGAI-Instruktor f\u00fcr Zweihand-Spey-Casting und Guide mit Sitz im Nordosten Englands. Dar\u00fcber hinaus arbeite ich seit \u00fcber 5 Jahren mit LTS Flyfishing zusammen und leite derzeit den Vertrieb f\u00fcr Gro\u00dfbritannien und Irland. <\/p>\n<p>Lucinda ist Botschafterin f\u00fcr Sportfish, Farlows und Fulling Mill und engagiert sich stark f\u00fcr die F\u00f6rderung des Fischens als St\u00e4rkung der psychischen Gesundheit.<\/p>\n<\/div><\/div>\n\n<div class=\"et_pb_image_1 et_pb_image et_pb_module et_flex_module preset--module--divi-image--fn0jh2ulqy\"><span class=\"et_pb_image_wrap\"><img loading=\"lazy\" decoding=\"async\" src=\"https:\/\/erlebniswelt-fliegenfischen.b-cdn.net\/wp-content\/uploads\/2026\/03\/ewf-women-programm-03-1.webp\" title=\"ewf-home-03\" width=\"1467\" height=\"978\" srcset=\"https:\/\/erlebniswelt-fliegenfischen.de\/wp-content\/uploads\/2026\/03\/ewf-women-programm-03-1.webp 1467w, https:\/\/erlebniswelt-fliegenfischen.de\/wp-content\/uploads\/2026\/03\/ewf-women-programm-03-1-300x200.webp 300w, https:\/\/erlebniswelt-fliegenfischen.de\/wp-content\/uploads\/2026\/03\/ewf-women-programm-03-1-1024x683.webp 1024w, https:\/\/erlebniswelt-fliegenfischen.de\/wp-content\/uploads\/2026\/03\/ewf-women-programm-03-1-768x512.webp 768w, https:\/\/erlebniswelt-fliegenfischen.de\/wp-content\/uploads\/2026\/03\/ewf-women-programm-03-1-1080x720.webp 1080w, https:\/\/erlebniswelt-fliegenfischen.de\/wp-content\/uploads\/2026\/03\/ewf-women-programm-03-1-1280x853.webp 1280w, https:\/\/erlebniswelt-fliegenfischen.de\/wp-content\/uploads\/2026\/03\/ewf-women-programm-03-1-980x653.webp 980w, https:\/\/erlebniswelt-fliegenfischen.de\/wp-content\/uploads\/2026\/03\/ewf-women-programm-03-1-480x320.webp 480w\" sizes=\"(max-width: 1467px) 100vw, 1467px\" class=\"wp-image-222881\" \/><\/span><\/div>\n<\/div>\n\n<div class=\"et_pb_column_3 et_pb_column et-last-child et_flex_column et_pb_css_mix_blend_mode_passthrough et_flex_column_2_5 et_flex_column_2_5_tablet et_flex_column_24_24_phone\">\n<div class=\"et_pb_image_2 et_pb_image et_pb_module et_flex_module preset--module--divi-image--fn0jh2ulqy\"><span class=\"et_pb_image_wrap\"><img loading=\"lazy\" decoding=\"async\" src=\"https:\/\/erlebniswelt-fliegenfischen.b-cdn.net\/wp-content\/uploads\/2026\/03\/ewf-women-programm-02-1-1.webp\" title=\"ewf-home-03\" width=\"1300\" height=\"1733\" srcset=\"https:\/\/erlebniswelt-fliegenfischen.de\/wp-content\/uploads\/2026\/03\/ewf-women-programm-02-1-1.webp 1300w, https:\/\/erlebniswelt-fliegenfischen.de\/wp-content\/uploads\/2026\/03\/ewf-women-programm-02-1-1-225x300.webp 225w, https:\/\/erlebniswelt-fliegenfischen.de\/wp-content\/uploads\/2026\/03\/ewf-women-programm-02-1-1-768x1024.webp 768w, https:\/\/erlebniswelt-fliegenfischen.de\/wp-content\/uploads\/2026\/03\/ewf-women-programm-02-1-1-1152x1536.webp 1152w, https:\/\/erlebniswelt-fliegenfischen.de\/wp-content\/uploads\/2026\/03\/ewf-women-programm-02-1-1-1080x1440.webp 1080w, https:\/\/erlebniswelt-fliegenfischen.de\/wp-content\/uploads\/2026\/03\/ewf-women-programm-02-1-1-1280x1706.webp 1280w, https:\/\/erlebniswelt-fliegenfischen.de\/wp-content\/uploads\/2026\/03\/ewf-women-programm-02-1-1-980x1306.webp 980w, https:\/\/erlebniswelt-fliegenfischen.de\/wp-content\/uploads\/2026\/03\/ewf-women-programm-02-1-1-480x640.webp 480w\" sizes=\"(max-width: 1300px) 100vw, 1300px\" class=\"wp-image-222882\" \/><\/span><\/div>\n<\/div>\n<\/div>\n<\/div>","protected":false},"excerpt":{"rendered":"","protected":false},"author":1,"featured_media":0,"parent":223421,"menu_order":0,"comment_status":"closed","ping_status":"closed","template":"","meta":{"_acf_changed":false,"footnotes":""},"class_list":["post-223672","page","type-page","status-publish","hentry"],"acf":[],"yoast_head":"<!-- This site is optimized with the Yoast SEO plugin v27.3 - https:\/\/yoast.com\/product\/yoast-seo-wordpress\/ -->\n<title>Frauenprogramm - Experience the World of Flyfishing 2026<\/title>\n<meta name=\"description\" content=\"Nehmen Sie an unserem Fliegenfischerprogramm f\u00fcr Frauen teil, das darauf ausgerichtet ist, Anglerinnen durch Workshops, Vorf\u00fchrungen und Gemeinschaftsveranstaltungen zu inspirieren, miteinander zu vernetzen und zu unterst\u00fctzen.\" \/>\n<meta name=\"robots\" content=\"index, follow, max-snippet:-1, max-image-preview:large, max-video-preview:-1\" \/>\n<link rel=\"canonical\" href=\"https:\/\/erlebniswelt-fliegenfischen.de\/de\/ewf-2026\/frauenprogramm\/\" \/>\n<meta property=\"og:locale\" content=\"de_DE\" \/>\n<meta property=\"og:type\" content=\"article\" \/>\n<meta property=\"og:title\" content=\"Frauenprogramm - Experience the World of Flyfishing 2026\" \/>\n<meta property=\"og:description\" content=\"Nehmen Sie an unserem Fliegenfischerprogramm f\u00fcr Frauen teil, das darauf ausgerichtet ist, Anglerinnen durch Workshops, Vorf\u00fchrungen und Gemeinschaftsveranstaltungen zu inspirieren, miteinander zu vernetzen und zu unterst\u00fctzen.\" \/>\n<meta property=\"og:url\" content=\"https:\/\/erlebniswelt-fliegenfischen.de\/de\/ewf-2026\/frauenprogramm\/\" \/>\n<meta property=\"og:site_name\" content=\"Experience the World of Flyfishing 2026\" \/>\n<meta property=\"article:publisher\" content=\"https:\/\/www.facebook.com\/Erlebniswelt.Fliegenfischen\/\" \/>\n<meta property=\"article:modified_time\" content=\"2026-04-02T17:07:34+00:00\" \/>\n<meta name=\"twitter:card\" content=\"summary_large_image\" \/>\n<script type=\"application\/ld+json\" class=\"yoast-schema-graph\">{\"@context\":\"https:\\\/\\\/schema.org\",\"@graph\":[{\"@type\":\"WebPage\",\"@id\":\"https:\\\/\\\/erlebniswelt-fliegenfischen.de\\\/de\\\/ewf-2026\\\/frauenprogramm\\\/\",\"url\":\"https:\\\/\\\/erlebniswelt-fliegenfischen.de\\\/de\\\/ewf-2026\\\/frauenprogramm\\\/\",\"name\":\"Frauenprogramm - Experience the World of Flyfishing 2026\",\"isPartOf\":{\"@id\":\"https:\\\/\\\/erlebniswelt-fliegenfischen.de\\\/de\\\/#website\"},\"datePublished\":\"2026-03-10T15:35:34+00:00\",\"dateModified\":\"2026-04-02T17:07:34+00:00\",\"description\":\"Nehmen Sie an unserem Fliegenfischerprogramm f\u00fcr Frauen teil, das darauf ausgerichtet ist, Anglerinnen durch Workshops, Vorf\u00fchrungen und Gemeinschaftsveranstaltungen zu inspirieren, miteinander zu vernetzen und zu unterst\u00fctzen.\",\"breadcrumb\":{\"@id\":\"https:\\\/\\\/erlebniswelt-fliegenfischen.de\\\/de\\\/ewf-2026\\\/frauenprogramm\\\/#breadcrumb\"},\"inLanguage\":\"de\",\"potentialAction\":[{\"@type\":\"ReadAction\",\"target\":[\"https:\\\/\\\/erlebniswelt-fliegenfischen.de\\\/de\\\/ewf-2026\\\/frauenprogramm\\\/\"]}]},{\"@type\":\"BreadcrumbList\",\"@id\":\"https:\\\/\\\/erlebniswelt-fliegenfischen.de\\\/de\\\/ewf-2026\\\/frauenprogramm\\\/#breadcrumb\",\"itemListElement\":[{\"@type\":\"ListItem\",\"position\":1,\"name\":\"Start\",\"item\":\"https:\\\/\\\/erlebniswelt-fliegenfischen.de\\\/de\\\/\"},{\"@type\":\"ListItem\",\"position\":2,\"name\":\"EWF 2026\",\"item\":\"https:\\\/\\\/erlebniswelt-fliegenfischen.de\\\/de\\\/ewf-2026\\\/\"},{\"@type\":\"ListItem\",\"position\":3,\"name\":\"Frauenprogramm\"}]},{\"@type\":\"WebSite\",\"@id\":\"https:\\\/\\\/erlebniswelt-fliegenfischen.de\\\/de\\\/#website\",\"url\":\"https:\\\/\\\/erlebniswelt-fliegenfischen.de\\\/de\\\/\",\"name\":\"Experience the World of Flyfishing 2026\",\"description\":\"\",\"publisher\":{\"@id\":\"https:\\\/\\\/erlebniswelt-fliegenfischen.de\\\/de\\\/#organization\"},\"potentialAction\":[{\"@type\":\"SearchAction\",\"target\":{\"@type\":\"EntryPoint\",\"urlTemplate\":\"https:\\\/\\\/erlebniswelt-fliegenfischen.de\\\/de\\\/?s={search_term_string}\"},\"query-input\":{\"@type\":\"PropertyValueSpecification\",\"valueRequired\":true,\"valueName\":\"search_term_string\"}}],\"inLanguage\":\"de\"},{\"@type\":\"Organization\",\"@id\":\"https:\\\/\\\/erlebniswelt-fliegenfischen.de\\\/de\\\/#organization\",\"name\":\"Experience the World of Flyfishing 2026\",\"url\":\"https:\\\/\\\/erlebniswelt-fliegenfischen.de\\\/de\\\/\",\"logo\":{\"@type\":\"ImageObject\",\"inLanguage\":\"de\",\"@id\":\"https:\\\/\\\/erlebniswelt-fliegenfischen.de\\\/de\\\/#\\\/schema\\\/logo\\\/image\\\/\",\"url\":\"https:\\\/\\\/erlebniswelt-fliegenfischen.de\\\/wp-content\\\/uploads\\\/2026\\\/03\\\/EWF_Logo_MZ_K3.png\",\"contentUrl\":\"https:\\\/\\\/erlebniswelt-fliegenfischen.de\\\/wp-content\\\/uploads\\\/2026\\\/03\\\/EWF_Logo_MZ_K3.png\",\"width\":2295,\"height\":2295,\"caption\":\"Experience the World of Flyfishing 2026\"},\"image\":{\"@id\":\"https:\\\/\\\/erlebniswelt-fliegenfischen.de\\\/de\\\/#\\\/schema\\\/logo\\\/image\\\/\"},\"sameAs\":[\"https:\\\/\\\/www.facebook.com\\\/Erlebniswelt.Fliegenfischen\\\/\",\"https:\\\/\\\/www.instagram.com\\\/erlebniswelt_fliegenfischen\\\/\"]}]}<\/script>\n<!-- \/ Yoast SEO plugin. -->","yoast_head_json":{"title":"Frauenprogramm - Experience the World of Flyfishing 2026","description":"Nehmen Sie an unserem Fliegenfischerprogramm f\u00fcr Frauen teil, das darauf ausgerichtet ist, Anglerinnen durch Workshops, Vorf\u00fchrungen und Gemeinschaftsveranstaltungen zu inspirieren, miteinander zu vernetzen und zu unterst\u00fctzen.","robots":{"index":"index","follow":"follow","max-snippet":"max-snippet:-1","max-image-preview":"max-image-preview:large","max-video-preview":"max-video-preview:-1"},"canonical":"https:\/\/erlebniswelt-fliegenfischen.de\/de\/ewf-2026\/frauenprogramm\/","og_locale":"de_DE","og_type":"article","og_title":"Frauenprogramm - Experience the World of Flyfishing 2026","og_description":"Nehmen Sie an unserem Fliegenfischerprogramm f\u00fcr Frauen teil, das darauf ausgerichtet ist, Anglerinnen durch Workshops, Vorf\u00fchrungen und Gemeinschaftsveranstaltungen zu inspirieren, miteinander zu vernetzen und zu unterst\u00fctzen.","og_url":"https:\/\/erlebniswelt-fliegenfischen.de\/de\/ewf-2026\/frauenprogramm\/","og_site_name":"Experience the World of Flyfishing 2026","article_publisher":"https:\/\/www.facebook.com\/Erlebniswelt.Fliegenfischen\/","article_modified_time":"2026-04-02T17:07:34+00:00","twitter_card":"summary_large_image","schema":{"@context":"https:\/\/schema.org","@graph":[{"@type":"WebPage","@id":"https:\/\/erlebniswelt-fliegenfischen.de\/de\/ewf-2026\/frauenprogramm\/","url":"https:\/\/erlebniswelt-fliegenfischen.de\/de\/ewf-2026\/frauenprogramm\/","name":"Frauenprogramm - Experience the World of Flyfishing 2026","isPartOf":{"@id":"https:\/\/erlebniswelt-fliegenfischen.de\/de\/#website"},"datePublished":"2026-03-10T15:35:34+00:00","dateModified":"2026-04-02T17:07:34+00:00","description":"Nehmen Sie an unserem Fliegenfischerprogramm f\u00fcr Frauen teil, das darauf ausgerichtet ist, Anglerinnen durch Workshops, Vorf\u00fchrungen und Gemeinschaftsveranstaltungen zu inspirieren, miteinander zu vernetzen und zu unterst\u00fctzen.","breadcrumb":{"@id":"https:\/\/erlebniswelt-fliegenfischen.de\/de\/ewf-2026\/frauenprogramm\/#breadcrumb"},"inLanguage":"de","potentialAction":[{"@type":"ReadAction","target":["https:\/\/erlebniswelt-fliegenfischen.de\/de\/ewf-2026\/frauenprogramm\/"]}]},{"@type":"BreadcrumbList","@id":"https:\/\/erlebniswelt-fliegenfischen.de\/de\/ewf-2026\/frauenprogramm\/#breadcrumb","itemListElement":[{"@type":"ListItem","position":1,"name":"Start","item":"https:\/\/erlebniswelt-fliegenfischen.de\/de\/"},{"@type":"ListItem","position":2,"name":"EWF 2026","item":"https:\/\/erlebniswelt-fliegenfischen.de\/de\/ewf-2026\/"},{"@type":"ListItem","position":3,"name":"Frauenprogramm"}]},{"@type":"WebSite","@id":"https:\/\/erlebniswelt-fliegenfischen.de\/de\/#website","url":"https:\/\/erlebniswelt-fliegenfischen.de\/de\/","name":"Experience the World of Flyfishing 2026","description":"","publisher":{"@id":"https:\/\/erlebniswelt-fliegenfischen.de\/de\/#organization"},"potentialAction":[{"@type":"SearchAction","target":{"@type":"EntryPoint","urlTemplate":"https:\/\/erlebniswelt-fliegenfischen.de\/de\/?s={search_term_string}"},"query-input":{"@type":"PropertyValueSpecification","valueRequired":true,"valueName":"search_term_string"}}],"inLanguage":"de"},{"@type":"Organization","@id":"https:\/\/erlebniswelt-fliegenfischen.de\/de\/#organization","name":"Experience the World of Flyfishing 2026","url":"https:\/\/erlebniswelt-fliegenfischen.de\/de\/","logo":{"@type":"ImageObject","inLanguage":"de","@id":"https:\/\/erlebniswelt-fliegenfischen.de\/de\/#\/schema\/logo\/image\/","url":"https:\/\/erlebniswelt-fliegenfischen.de\/wp-content\/uploads\/2026\/03\/EWF_Logo_MZ_K3.png","contentUrl":"https:\/\/erlebniswelt-fliegenfischen.de\/wp-content\/uploads\/2026\/03\/EWF_Logo_MZ_K3.png","width":2295,"height":2295,"caption":"Experience the World of Flyfishing 2026"},"image":{"@id":"https:\/\/erlebniswelt-fliegenfischen.de\/de\/#\/schema\/logo\/image\/"},"sameAs":["https:\/\/www.facebook.com\/Erlebniswelt.Fliegenfischen\/","https:\/\/www.instagram.com\/erlebniswelt_fliegenfischen\/"]}]}},"_links":{"self":[{"href":"https:\/\/erlebniswelt-fliegenfischen.de\/de\/wp-json\/wp\/v2\/pages\/223672","targetHints":{"allow":["GET"]}}],"collection":[{"href":"https:\/\/erlebniswelt-fliegenfischen.de\/de\/wp-json\/wp\/v2\/pages"}],"about":[{"href":"https:\/\/erlebniswelt-fliegenfischen.de\/de\/wp-json\/wp\/v2\/types\/page"}],"author":[{"embeddable":true,"href":"https:\/\/erlebniswelt-fliegenfischen.de\/de\/wp-json\/wp\/v2\/users\/1"}],"replies":[{"embeddable":true,"href":"https:\/\/erlebniswelt-fliegenfischen.de\/de\/wp-json\/wp\/v2\/comments?post=223672"}],"version-history":[{"count":4,"href":"https:\/\/erlebniswelt-fliegenfischen.de\/de\/wp-json\/wp\/v2\/pages\/223672\/revisions"}],"predecessor-version":[{"id":223980,"href":"https:\/\/erlebniswelt-fliegenfischen.de\/de\/wp-json\/wp\/v2\/pages\/223672\/revisions\/223980"}],"up":[{"embeddable":true,"href":"https:\/\/erlebniswelt-fliegenfischen.de\/de\/wp-json\/wp\/v2\/pages\/223421"}],"wp:attachment":[{"href":"https:\/\/erlebniswelt-fliegenfischen.de\/de\/wp-json\/wp\/v2\/media?parent=223672"}],"curies":[{"name":"wp","href":"https:\/\/api.w.org\/{rel}","templated":true}]}}