{"id":223667,"date":"2026-03-13T22:20:58","date_gmt":"2026-03-13T21:20:58","guid":{"rendered":"https:\/\/erlebniswelt-fliegenfischen.de\/ewf-2026\/sonderausstellung\/"},"modified":"2026-03-20T00:25:17","modified_gmt":"2026-03-19T23:25:17","slug":"sonderausstellung","status":"publish","type":"page","link":"https:\/\/erlebniswelt-fliegenfischen.de\/de\/ewf-2026\/sonderausstellung\/","title":{"rendered":"Sonderausstellung"},"content":{"rendered":"<div class=\"et_pb_section_0 et_pb_section et_section_regular et_flex_section preset--module--divi-section--default\">\n<div class=\"et_pb_row_0 et_pb_row et_flex_row preset--module--divi-row--default\">\n<div class=\"et_pb_column_0 et_pb_column et-last-child et_flex_column et_pb_css_mix_blend_mode_passthrough et_flex_column_24_24 et_flex_column_24_24_tablet et_flex_column_24_24_phone\">\n<div class=\"et_pb_text_0 et_pb_text et_pb_bg_layout_light et_pb_module et_flex_module\"><div class=\"et_pb_text_inner\"><h1>Sonderausstellung<\/h1>\n<\/div><\/div>\n\n<div class=\"et_pb_text_1 et_pb_text et_pb_bg_layout_light et_pb_module et_flex_module\"><div class=\"et_pb_text_inner\"><h2>EWF 2026<\/h2>\n<\/div><\/div>\n<\/div>\n<\/div>\n<\/div>\n\n<div class=\"et_pb_section_1 et_pb_section et_section_regular et_flex_section preset--module--divi-section--default\">\n<div class=\"et_pb_row_1 et_pb_row et_flex_row preset--module--divi-row--default\">\n<div class=\"et_pb_column_1 et_pb_column et-last-child et_flex_column et_pb_css_mix_blend_mode_passthrough et_flex_column_24_24 et_flex_column_24_24_tablet et_flex_column_24_24_phone\">\n<div class=\"et_pb_text_2 et_pb_text et_pb_bg_layout_light et_pb_module et_flex_module\"><div class=\"et_pb_text_inner\"><h2>Zeitgem\u00e4\u00dfe Gew\u00e4sserbewirtschaftung: Den Lebensraum im Fokus, die Zukunft im Fluss.<\/h2>\n<p>- DIE ZUKUNFT DER FISCHEREI LIEGT IN UNSEREN H\u00c4NDEN -<\/p>\n<\/div><\/div>\n\n<div class=\"et_pb_image_0 et_pb_image et_pb_module et_flex_module\"><span class=\"et_pb_image_wrap\"><img loading=\"lazy\" decoding=\"async\" src=\"https:\/\/erlebniswelt-fliegenfischen.de\/wp-content\/uploads\/2026\/03\/fischereiverein-salzkammergut-1.jpg\" title=\"fischereiverein-salzkammergut\" width=\"650\" height=\"244\" srcset=\"https:\/\/erlebniswelt-fliegenfischen.de\/wp-content\/uploads\/2026\/03\/fischereiverein-salzkammergut-1.jpg 650w, https:\/\/erlebniswelt-fliegenfischen.de\/wp-content\/uploads\/2026\/03\/fischereiverein-salzkammergut-1-480x180.jpg 480w\" sizes=\"(min-width: 0px) and (max-width: 480px) 480px, (min-width: 481px) 650px, 100vw\" class=\"wp-image-222865\" \/><\/span><\/div>\n\n<div class=\"et_pb_image_1 et_pb_image et_pb_module et_flex_module preset--module--divi-image--fn0jh2ulqy\"><span class=\"et_pb_image_wrap\"><img loading=\"lazy\" decoding=\"async\" src=\"https:\/\/erlebniswelt-fliegenfischen.de\/wp-content\/uploads\/2026\/03\/IMG_20251124_184756604_HDR-1.webp\" title=\"ewf-home-03\" width=\"1920\" height=\"1080\" srcset=\"https:\/\/erlebniswelt-fliegenfischen.de\/wp-content\/uploads\/2026\/03\/IMG_20251124_184756604_HDR-1.webp 1920w, https:\/\/erlebniswelt-fliegenfischen.de\/wp-content\/uploads\/2026\/03\/IMG_20251124_184756604_HDR-1-1280x720.webp 1280w, https:\/\/erlebniswelt-fliegenfischen.de\/wp-content\/uploads\/2026\/03\/IMG_20251124_184756604_HDR-1-980x551.webp 980w, https:\/\/erlebniswelt-fliegenfischen.de\/wp-content\/uploads\/2026\/03\/IMG_20251124_184756604_HDR-1-480x270.webp 480w\" sizes=\"(min-width: 0px) and (max-width: 480px) 480px, (min-width: 481px) and (max-width: 980px) 980px, (min-width: 981px) and (max-width: 1280px) 1280px, (min-width: 1281px) 1920px, 100vw\" class=\"wp-image-222866\" \/><\/span><\/div>\n\n<div class=\"et_pb_text_3 et_pb_text et_pb_bg_layout_light et_pb_module et_flex_module\"><div class=\"et_pb_text_inner\"><p><strong>Das Fischereirevier Oberes Salzkammergut auf der EWF 2026<\/strong><br \/>Gew\u00e4sserbewirtschaftung ist heute weit mehr als die Pflege von Best\u00e4nden \u2013 sie ist aktiver Naturschutz und strategische Zukunftsgestaltung. Unter dem Leitmotiv \u201eDie Zukunft im Fluss\u201c pr\u00e4sentiert das Fischereirevier Oberes Salzkammergut auf der diesj\u00e4hrigen Sonderausstellung \u201eWege einer modernen, \u00f6kologisch orientierten Bewirtschaftung\u201c. <\/p>\n<p><strong>Den Lebensraum gestalten<\/strong><br \/>Wir r\u00fccken das \u00d6kosystem in das Zentrum unseres Handelns. Durch gezielte Renaturierung, Strukturverbesserungen und eine starke Stimme bei wasserbaulichen Projekten setzen wir uns konsequent gegen die weitere Verbauung unserer Flie\u00dfstrecken ein. Unser Ziel: Funktionierende Lebensr\u00e4ume, in denen sich die heimische Fischfauna nat\u00fcrlich entfalten kann.  <\/p>\n<\/div><\/div>\n<\/div>\n<\/div>\n\n<div class=\"et_pb_row_2 et_pb_row et_flex_row preset--module--divi-row--default\">\n<div class=\"et_pb_column_2 et_pb_column et_flex_column et_pb_css_mix_blend_mode_passthrough et_flex_column_12_24 et_flex_column_12_24_tablet et_flex_column_24_24_phone\">\n<div class=\"et_pb_image_2 et_pb_image et_pb_module et_flex_module preset--module--divi-image--fn0jh2ulqy\"><a href=\"https:\/\/erlebniswelt-fliegenfischen.de\/wp-content\/uploads\/2026\/03\/IMG_20251201_170213859_HDR-1.webp\" class=\"et_pb_lightbox_image\"><span class=\"et_pb_image_wrap\"><img loading=\"lazy\" decoding=\"async\" src=\"https:\/\/erlebniswelt-fliegenfischen.de\/wp-content\/uploads\/2026\/03\/IMG_20251201_170213859_HDR-1.webp\" title=\"ewf-home-03\" width=\"1920\" height=\"1080\" srcset=\"https:\/\/erlebniswelt-fliegenfischen.de\/wp-content\/uploads\/2026\/03\/IMG_20251201_170213859_HDR-1.webp 1920w, https:\/\/erlebniswelt-fliegenfischen.de\/wp-content\/uploads\/2026\/03\/IMG_20251201_170213859_HDR-1-1280x720.webp 1280w, https:\/\/erlebniswelt-fliegenfischen.de\/wp-content\/uploads\/2026\/03\/IMG_20251201_170213859_HDR-1-980x551.webp 980w, https:\/\/erlebniswelt-fliegenfischen.de\/wp-content\/uploads\/2026\/03\/IMG_20251201_170213859_HDR-1-480x270.webp 480w\" sizes=\"(min-width: 0px) and (max-width: 480px) 480px, (min-width: 481px) and (max-width: 980px) 980px, (min-width: 981px) and (max-width: 1280px) 1280px, (min-width: 1281px) 1920px, 100vw\" class=\"wp-image-222867\" \/><\/span><\/a><\/div>\n<\/div>\n\n<div class=\"et_pb_column_3 et_pb_column et-last-child et_flex_column et_pb_css_mix_blend_mode_passthrough et_flex_column_12_24 et_flex_column_12_24_tablet et_flex_column_24_24_phone\">\n<div class=\"et_pb_image_3 et_pb_image et_pb_module et_flex_module preset--module--divi-image--fn0jh2ulqy\"><a href=\"https:\/\/erlebniswelt-fliegenfischen.de\/wp-content\/uploads\/2026\/03\/IMG_20251201_1802168592-1.webp\" class=\"et_pb_lightbox_image\"><span class=\"et_pb_image_wrap\"><img loading=\"lazy\" decoding=\"async\" src=\"https:\/\/erlebniswelt-fliegenfischen.de\/wp-content\/uploads\/2026\/03\/IMG_20251201_1802168592-1.webp\" title=\"ewf-home-03\" width=\"1920\" height=\"1080\" srcset=\"https:\/\/erlebniswelt-fliegenfischen.de\/wp-content\/uploads\/2026\/03\/IMG_20251201_1802168592-1.webp 1920w, https:\/\/erlebniswelt-fliegenfischen.de\/wp-content\/uploads\/2026\/03\/IMG_20251201_1802168592-1-1280x720.webp 1280w, https:\/\/erlebniswelt-fliegenfischen.de\/wp-content\/uploads\/2026\/03\/IMG_20251201_1802168592-1-980x551.webp 980w, https:\/\/erlebniswelt-fliegenfischen.de\/wp-content\/uploads\/2026\/03\/IMG_20251201_1802168592-1-480x270.webp 480w\" sizes=\"(min-width: 0px) and (max-width: 480px) 480px, (min-width: 481px) and (max-width: 980px) 980px, (min-width: 981px) and (max-width: 1280px) 1280px, (min-width: 1281px) 1920px, 100vw\" class=\"wp-image-222868\" \/><\/span><\/a><\/div>\n<\/div>\n<\/div>\n\n<div class=\"et_pb_row_3 et_pb_row et_flex_row preset--module--divi-row--default\">\n<div class=\"et_pb_column_4 et_pb_column et-last-child et_flex_column et_pb_css_mix_blend_mode_passthrough et_flex_column_24_24 et_flex_column_24_24_tablet et_flex_column_24_24_phone\">\n<div class=\"et_pb_text_4 et_pb_text et_pb_bg_layout_light et_pb_module et_flex_module\"><div class=\"et_pb_text_inner\"><p><strong>Dynamik durch Innovation<\/strong><br \/>\u201eAlles im Fluss\u201c bedeutet f\u00fcr uns stetige Weiterentwicklung. Wir setzen auf zeitgem\u00e4\u00dfe Strategien statt starrer Muster. Das zeigt sich besonders in unserer reviereigenen Fischzucht und modernen Besatzmethoden: Vom Schutz lokal-st\u00e4mmiger Populationen \u00fcber den Aufbau gesunder Alterspyramiden bis hin zu innovativen Ans\u00e4tzen wie Cocooning und Artificials Nests \u2013 wir nutzen die gesamte Klaviatur moderner \u00d6kologie.  <\/p>\n<p><strong>Kr\u00e4fte b\u00fcndeln: Starke Netzwerke f\u00fcr starke Gew\u00e4sser<\/strong><br \/>gesundes Gew\u00e4sser braucht viele Verb\u00fcndete. Wir sind \u00fcberzeugt: Nur durch eine enge Zusammenarbeit lassen sich gro\u00dfe Ziele erreichen. Dass dies funktioniert, hat der gemeinsame Schulterschluss im Jahr 2021 bewiesen: Dank der Unterst\u00fctzung durch einen couragierten Bewirtschafter, mit Hilfe eines Opinion Leader, der lokalen Bev\u00f6lkerung, dem \u00d6KF fishlife, River &amp; Nature Trust sowie unz\u00e4hliger lokaler Vereine und vieler engagierter (Fliegen-)Fischer konnte ein Kraftwerksbau an der Oberen Traun verhindert werden. Dieses Netzwerk \u2013 erg\u00e4nzt durch Partner wie die EWF \u2013 ist das R\u00fcckgrat unserer Arbeit.   <\/p>\n<p><strong>Verantwortung f\u00fcr Generationen<\/strong><br \/>Es sind viele kleine Stellschrauben, an denen wir drehen, um das sensible Gleichgewicht an der Oberen Traun und seinen Zubringerb\u00e4chen im Salzkammergut zu bewahren. Wir laden Sie ein, auf der EWF 2026 zu entdecken, wie wir Tradition und Fortschritt vereinen, um unsere einzigartigen Gew\u00e4sser f\u00fcr k\u00fcnftige Generationen im Fluss zu halten. <\/p>\n<\/div><\/div>\n<\/div>\n<\/div>\n\n<div class=\"et_pb_row_4 et_pb_row et_flex_row preset--module--divi-row--default\">\n<div class=\"et_pb_column_5 et_pb_column et_flex_column et_pb_css_mix_blend_mode_passthrough et_flex_column_12_24 et_flex_column_12_24_tablet et_flex_column_24_24_phone\">\n<div class=\"et_pb_image_4 et_pb_image et_pb_module et_flex_module preset--module--divi-image--fn0jh2ulqy\"><a href=\"https:\/\/erlebniswelt-fliegenfischen.de\/wp-content\/uploads\/2026\/03\/IMG_20260117_152746176_HDR2-1.webp\" class=\"et_pb_lightbox_image\"><span class=\"et_pb_image_wrap\"><img loading=\"lazy\" decoding=\"async\" src=\"https:\/\/erlebniswelt-fliegenfischen.de\/wp-content\/uploads\/2026\/03\/IMG_20260117_152746176_HDR2-1.webp\" title=\"ewf-home-03\" width=\"1920\" height=\"1080\" srcset=\"https:\/\/erlebniswelt-fliegenfischen.de\/wp-content\/uploads\/2026\/03\/IMG_20260117_152746176_HDR2-1.webp 1920w, https:\/\/erlebniswelt-fliegenfischen.de\/wp-content\/uploads\/2026\/03\/IMG_20260117_152746176_HDR2-1-1280x720.webp 1280w, https:\/\/erlebniswelt-fliegenfischen.de\/wp-content\/uploads\/2026\/03\/IMG_20260117_152746176_HDR2-1-980x551.webp 980w, https:\/\/erlebniswelt-fliegenfischen.de\/wp-content\/uploads\/2026\/03\/IMG_20260117_152746176_HDR2-1-480x270.webp 480w\" sizes=\"(min-width: 0px) and (max-width: 480px) 480px, (min-width: 481px) and (max-width: 980px) 980px, (min-width: 981px) and (max-width: 1280px) 1280px, (min-width: 1281px) 1920px, 100vw\" class=\"wp-image-222869\" \/><\/span><\/a><\/div>\n<\/div>\n\n<div class=\"et_pb_column_6 et_pb_column et-last-child et_flex_column et_pb_css_mix_blend_mode_passthrough et_flex_column_12_24 et_flex_column_12_24_tablet et_flex_column_24_24_phone\">\n<div class=\"et_pb_image_5 et_pb_image et_pb_module et_flex_module preset--module--divi-image--fn0jh2ulqy\"><a href=\"https:\/\/erlebniswelt-fliegenfischen.de\/wp-content\/uploads\/2026\/03\/IMG_20260129_101444700-1.webp\" class=\"et_pb_lightbox_image\"><span class=\"et_pb_image_wrap\"><img loading=\"lazy\" decoding=\"async\" src=\"https:\/\/erlebniswelt-fliegenfischen.de\/wp-content\/uploads\/2026\/03\/IMG_20260129_101444700-1.webp\" title=\"ewf-home-03\" width=\"1920\" height=\"1080\" srcset=\"https:\/\/erlebniswelt-fliegenfischen.de\/wp-content\/uploads\/2026\/03\/IMG_20260129_101444700-1.webp 1920w, https:\/\/erlebniswelt-fliegenfischen.de\/wp-content\/uploads\/2026\/03\/IMG_20260129_101444700-1-1280x720.webp 1280w, https:\/\/erlebniswelt-fliegenfischen.de\/wp-content\/uploads\/2026\/03\/IMG_20260129_101444700-1-980x551.webp 980w, https:\/\/erlebniswelt-fliegenfischen.de\/wp-content\/uploads\/2026\/03\/IMG_20260129_101444700-1-480x270.webp 480w\" sizes=\"(min-width: 0px) and (max-width: 480px) 480px, (min-width: 481px) and (max-width: 980px) 980px, (min-width: 981px) and (max-width: 1280px) 1280px, (min-width: 1281px) 1920px, 100vw\" class=\"wp-image-222870\" \/><\/span><\/a><\/div>\n<\/div>\n<\/div>\n\n<div class=\"et_pb_row_5 et_pb_row et_flex_row preset--module--divi-row--default\">\n<div class=\"et_pb_column_7 et_pb_column et-last-child et_flex_column et_pb_css_mix_blend_mode_passthrough et_flex_column_24_24 et_flex_column_24_24_tablet et_flex_column_24_24_phone\">\n<div class=\"et_pb_text_5 et_pb_text et_pb_bg_layout_light et_pb_module et_flex_module\"><div class=\"et_pb_text_inner\"><p><strong>Kommen Sie an den Stand des Fischereireviers Oberes Salzkammergut (FROSKG) im Foyer der Tenne und diskutieren Sie u.a. mit Heimo Huber \u00fcber die Zukunft der Flie\u00dfgew\u00e4sser. Sie freuen sich auf Ihren Besuch!<\/strong><\/p>\n<p><strong>Weitere Informationen unter<\/strong> <a href=\"http:\/\/www.huberpower.com\/\" target=\"_blank\" rel=\"noopener\"><strong>www.huberpower.com<\/strong><\/a> <strong>oder<\/strong> <a href=\"http:\/\/www.traunrauschen.at\/\" target=\"_blank\" rel=\"noopener\"><strong>www.traunrauschen.at<\/strong><\/a><\/p>\n<\/div><\/div>\n<\/div>\n<\/div>\n\n<div class=\"et_pb_row_6 et_pb_row et_flex_row preset--module--divi-row--default\">\n<div class=\"et_pb_column_8 et_pb_column et_flex_column et_pb_css_mix_blend_mode_passthrough et_flex_column_8_24 et_flex_column_8_24_tablet et_flex_column_24_24_phone\">\n<div class=\"et_pb_image_6 et_pb_image et_pb_module et_flex_module preset--module--divi-image--fn0jh2ulqy\"><a href=\"https:\/\/erlebniswelt-fliegenfischen.de\/wp-content\/uploads\/2026\/03\/IMG_20260129_095646166_HDR-scaled-1.webp\" class=\"et_pb_lightbox_image\"><span class=\"et_pb_image_wrap\"><img decoding=\"async\" src=\"https:\/\/erlebniswelt-fliegenfischen.de\/wp-content\/uploads\/2026\/03\/IMG_20260129_095646166_HDR-scaled-1.webp\" title=\"ewf-home-03\" class=\"wp-image-222931\" \/><\/span><\/a><\/div>\n<\/div>\n\n<div class=\"et_pb_column_9 et_pb_column et_flex_column et_pb_css_mix_blend_mode_passthrough et_flex_column_8_24 et_flex_column_8_24_tablet et_flex_column_24_24_phone\">\n<div class=\"et_pb_image_7 et_pb_image et_pb_module et_flex_module preset--module--divi-image--fn0jh2ulqy\"><a href=\"https:\/\/erlebniswelt-fliegenfischen.de\/wp-content\/uploads\/2026\/03\/IMG_20260129_101905194_HDR-1.webp\" class=\"et_pb_lightbox_image\"><span class=\"et_pb_image_wrap\"><img loading=\"lazy\" decoding=\"async\" src=\"https:\/\/erlebniswelt-fliegenfischen.de\/wp-content\/uploads\/2026\/03\/IMG_20260129_101905194_HDR-1.webp\" title=\"ewf-home-03\" width=\"1920\" height=\"1080\" srcset=\"https:\/\/erlebniswelt-fliegenfischen.de\/wp-content\/uploads\/2026\/03\/IMG_20260129_101905194_HDR-1.webp 1920w, https:\/\/erlebniswelt-fliegenfischen.de\/wp-content\/uploads\/2026\/03\/IMG_20260129_101905194_HDR-1-1280x720.webp 1280w, https:\/\/erlebniswelt-fliegenfischen.de\/wp-content\/uploads\/2026\/03\/IMG_20260129_101905194_HDR-1-980x551.webp 980w, https:\/\/erlebniswelt-fliegenfischen.de\/wp-content\/uploads\/2026\/03\/IMG_20260129_101905194_HDR-1-480x270.webp 480w\" sizes=\"(min-width: 0px) and (max-width: 480px) 480px, (min-width: 481px) and (max-width: 980px) 980px, (min-width: 981px) and (max-width: 1280px) 1280px, (min-width: 1281px) 1920px, 100vw\" class=\"wp-image-222872\" \/><\/span><\/a><\/div>\n<\/div>\n\n<div class=\"et_pb_column_10 et_pb_column et-last-child et_flex_column et_pb_css_mix_blend_mode_passthrough et_flex_column_8_24 et_flex_column_8_24_tablet et_flex_column_24_24_phone\">\n<div class=\"et_pb_image_8 et_pb_image et_pb_module et_flex_module preset--module--divi-image--fn0jh2ulqy\"><a href=\"https:\/\/erlebniswelt-fliegenfischen.de\/wp-content\/uploads\/2026\/03\/IMG_20260129_105844970_HDR-1.webp\" class=\"et_pb_lightbox_image\"><span class=\"et_pb_image_wrap\"><img loading=\"lazy\" decoding=\"async\" src=\"https:\/\/erlebniswelt-fliegenfischen.de\/wp-content\/uploads\/2026\/03\/IMG_20260129_105844970_HDR-1.webp\" title=\"ewf-home-03\" width=\"1920\" height=\"1080\" srcset=\"https:\/\/erlebniswelt-fliegenfischen.de\/wp-content\/uploads\/2026\/03\/IMG_20260129_105844970_HDR-1.webp 1920w, https:\/\/erlebniswelt-fliegenfischen.de\/wp-content\/uploads\/2026\/03\/IMG_20260129_105844970_HDR-1-1280x720.webp 1280w, https:\/\/erlebniswelt-fliegenfischen.de\/wp-content\/uploads\/2026\/03\/IMG_20260129_105844970_HDR-1-980x551.webp 980w, https:\/\/erlebniswelt-fliegenfischen.de\/wp-content\/uploads\/2026\/03\/IMG_20260129_105844970_HDR-1-480x270.webp 480w\" sizes=\"(min-width: 0px) and (max-width: 480px) 480px, (min-width: 481px) and (max-width: 980px) 980px, (min-width: 981px) and (max-width: 1280px) 1280px, (min-width: 1281px) 1920px, 100vw\" class=\"wp-image-222873\" \/><\/span><\/a><\/div>\n<\/div>\n<\/div>\n<\/div>","protected":false},"excerpt":{"rendered":"","protected":false},"author":1,"featured_media":0,"parent":223421,"menu_order":0,"comment_status":"closed","ping_status":"closed","template":"","meta":{"_acf_changed":false,"footnotes":""},"class_list":["post-223667","page","type-page","status-publish","hentry"],"acf":[],"yoast_head":"<!-- This site is optimized with the Yoast SEO plugin v27.3 - https:\/\/yoast.com\/product\/yoast-seo-wordpress\/ -->\n<title>Sonderausstellung - Experience the World of Flyfishing 2026<\/title>\n<meta name=\"robots\" content=\"index, follow, max-snippet:-1, max-image-preview:large, max-video-preview:-1\" \/>\n<link rel=\"canonical\" href=\"https:\/\/erlebniswelt-fliegenfischen.de\/de\/ewf-2026\/sonderausstellung\/\" \/>\n<meta property=\"og:locale\" content=\"de_DE\" \/>\n<meta property=\"og:type\" content=\"article\" \/>\n<meta property=\"og:title\" content=\"Sonderausstellung - Experience the World of Flyfishing 2026\" \/>\n<meta property=\"og:url\" content=\"https:\/\/erlebniswelt-fliegenfischen.de\/de\/ewf-2026\/sonderausstellung\/\" \/>\n<meta property=\"og:site_name\" content=\"Experience the World of Flyfishing 2026\" \/>\n<meta property=\"article:publisher\" content=\"https:\/\/www.facebook.com\/Erlebniswelt.Fliegenfischen\/\" \/>\n<meta property=\"article:modified_time\" content=\"2026-03-19T23:25:17+00:00\" \/>\n<meta name=\"twitter:card\" content=\"summary_large_image\" \/>\n<script type=\"application\/ld+json\" class=\"yoast-schema-graph\">{\"@context\":\"https:\\\/\\\/schema.org\",\"@graph\":[{\"@type\":\"WebPage\",\"@id\":\"https:\\\/\\\/erlebniswelt-fliegenfischen.de\\\/de\\\/ewf-2026\\\/sonderausstellung\\\/\",\"url\":\"https:\\\/\\\/erlebniswelt-fliegenfischen.de\\\/de\\\/ewf-2026\\\/sonderausstellung\\\/\",\"name\":\"Sonderausstellung - Experience the World of Flyfishing 2026\",\"isPartOf\":{\"@id\":\"https:\\\/\\\/erlebniswelt-fliegenfischen.de\\\/de\\\/#website\"},\"datePublished\":\"2026-03-13T21:20:58+00:00\",\"dateModified\":\"2026-03-19T23:25:17+00:00\",\"breadcrumb\":{\"@id\":\"https:\\\/\\\/erlebniswelt-fliegenfischen.de\\\/de\\\/ewf-2026\\\/sonderausstellung\\\/#breadcrumb\"},\"inLanguage\":\"de\",\"potentialAction\":[{\"@type\":\"ReadAction\",\"target\":[\"https:\\\/\\\/erlebniswelt-fliegenfischen.de\\\/de\\\/ewf-2026\\\/sonderausstellung\\\/\"]}]},{\"@type\":\"BreadcrumbList\",\"@id\":\"https:\\\/\\\/erlebniswelt-fliegenfischen.de\\\/de\\\/ewf-2026\\\/sonderausstellung\\\/#breadcrumb\",\"itemListElement\":[{\"@type\":\"ListItem\",\"position\":1,\"name\":\"Start\",\"item\":\"https:\\\/\\\/erlebniswelt-fliegenfischen.de\\\/de\\\/\"},{\"@type\":\"ListItem\",\"position\":2,\"name\":\"EWF 2026\",\"item\":\"https:\\\/\\\/erlebniswelt-fliegenfischen.de\\\/de\\\/ewf-2026\\\/\"},{\"@type\":\"ListItem\",\"position\":3,\"name\":\"Sonderausstellung\"}]},{\"@type\":\"WebSite\",\"@id\":\"https:\\\/\\\/erlebniswelt-fliegenfischen.de\\\/de\\\/#website\",\"url\":\"https:\\\/\\\/erlebniswelt-fliegenfischen.de\\\/de\\\/\",\"name\":\"Experience the World of Flyfishing 2026\",\"description\":\"\",\"publisher\":{\"@id\":\"https:\\\/\\\/erlebniswelt-fliegenfischen.de\\\/de\\\/#organization\"},\"potentialAction\":[{\"@type\":\"SearchAction\",\"target\":{\"@type\":\"EntryPoint\",\"urlTemplate\":\"https:\\\/\\\/erlebniswelt-fliegenfischen.de\\\/de\\\/?s={search_term_string}\"},\"query-input\":{\"@type\":\"PropertyValueSpecification\",\"valueRequired\":true,\"valueName\":\"search_term_string\"}}],\"inLanguage\":\"de\"},{\"@type\":\"Organization\",\"@id\":\"https:\\\/\\\/erlebniswelt-fliegenfischen.de\\\/de\\\/#organization\",\"name\":\"Experience the World of Flyfishing 2026\",\"url\":\"https:\\\/\\\/erlebniswelt-fliegenfischen.de\\\/de\\\/\",\"logo\":{\"@type\":\"ImageObject\",\"inLanguage\":\"de\",\"@id\":\"https:\\\/\\\/erlebniswelt-fliegenfischen.de\\\/de\\\/#\\\/schema\\\/logo\\\/image\\\/\",\"url\":\"https:\\\/\\\/erlebniswelt-fliegenfischen.de\\\/wp-content\\\/uploads\\\/2026\\\/03\\\/EWF_Logo_MZ_K3.png\",\"contentUrl\":\"https:\\\/\\\/erlebniswelt-fliegenfischen.de\\\/wp-content\\\/uploads\\\/2026\\\/03\\\/EWF_Logo_MZ_K3.png\",\"width\":2295,\"height\":2295,\"caption\":\"Experience the World of Flyfishing 2026\"},\"image\":{\"@id\":\"https:\\\/\\\/erlebniswelt-fliegenfischen.de\\\/de\\\/#\\\/schema\\\/logo\\\/image\\\/\"},\"sameAs\":[\"https:\\\/\\\/www.facebook.com\\\/Erlebniswelt.Fliegenfischen\\\/\",\"https:\\\/\\\/www.instagram.com\\\/erlebniswelt_fliegenfischen\\\/\"]}]}<\/script>\n<!-- \/ Yoast SEO plugin. -->","yoast_head_json":{"title":"Sonderausstellung - Experience the World of Flyfishing 2026","robots":{"index":"index","follow":"follow","max-snippet":"max-snippet:-1","max-image-preview":"max-image-preview:large","max-video-preview":"max-video-preview:-1"},"canonical":"https:\/\/erlebniswelt-fliegenfischen.de\/de\/ewf-2026\/sonderausstellung\/","og_locale":"de_DE","og_type":"article","og_title":"Sonderausstellung - Experience the World of Flyfishing 2026","og_url":"https:\/\/erlebniswelt-fliegenfischen.de\/de\/ewf-2026\/sonderausstellung\/","og_site_name":"Experience the World of Flyfishing 2026","article_publisher":"https:\/\/www.facebook.com\/Erlebniswelt.Fliegenfischen\/","article_modified_time":"2026-03-19T23:25:17+00:00","twitter_card":"summary_large_image","schema":{"@context":"https:\/\/schema.org","@graph":[{"@type":"WebPage","@id":"https:\/\/erlebniswelt-fliegenfischen.de\/de\/ewf-2026\/sonderausstellung\/","url":"https:\/\/erlebniswelt-fliegenfischen.de\/de\/ewf-2026\/sonderausstellung\/","name":"Sonderausstellung - Experience the World of Flyfishing 2026","isPartOf":{"@id":"https:\/\/erlebniswelt-fliegenfischen.de\/de\/#website"},"datePublished":"2026-03-13T21:20:58+00:00","dateModified":"2026-03-19T23:25:17+00:00","breadcrumb":{"@id":"https:\/\/erlebniswelt-fliegenfischen.de\/de\/ewf-2026\/sonderausstellung\/#breadcrumb"},"inLanguage":"de","potentialAction":[{"@type":"ReadAction","target":["https:\/\/erlebniswelt-fliegenfischen.de\/de\/ewf-2026\/sonderausstellung\/"]}]},{"@type":"BreadcrumbList","@id":"https:\/\/erlebniswelt-fliegenfischen.de\/de\/ewf-2026\/sonderausstellung\/#breadcrumb","itemListElement":[{"@type":"ListItem","position":1,"name":"Start","item":"https:\/\/erlebniswelt-fliegenfischen.de\/de\/"},{"@type":"ListItem","position":2,"name":"EWF 2026","item":"https:\/\/erlebniswelt-fliegenfischen.de\/de\/ewf-2026\/"},{"@type":"ListItem","position":3,"name":"Sonderausstellung"}]},{"@type":"WebSite","@id":"https:\/\/erlebniswelt-fliegenfischen.de\/de\/#website","url":"https:\/\/erlebniswelt-fliegenfischen.de\/de\/","name":"Experience the World of Flyfishing 2026","description":"","publisher":{"@id":"https:\/\/erlebniswelt-fliegenfischen.de\/de\/#organization"},"potentialAction":[{"@type":"SearchAction","target":{"@type":"EntryPoint","urlTemplate":"https:\/\/erlebniswelt-fliegenfischen.de\/de\/?s={search_term_string}"},"query-input":{"@type":"PropertyValueSpecification","valueRequired":true,"valueName":"search_term_string"}}],"inLanguage":"de"},{"@type":"Organization","@id":"https:\/\/erlebniswelt-fliegenfischen.de\/de\/#organization","name":"Experience the World of Flyfishing 2026","url":"https:\/\/erlebniswelt-fliegenfischen.de\/de\/","logo":{"@type":"ImageObject","inLanguage":"de","@id":"https:\/\/erlebniswelt-fliegenfischen.de\/de\/#\/schema\/logo\/image\/","url":"https:\/\/erlebniswelt-fliegenfischen.de\/wp-content\/uploads\/2026\/03\/EWF_Logo_MZ_K3.png","contentUrl":"https:\/\/erlebniswelt-fliegenfischen.de\/wp-content\/uploads\/2026\/03\/EWF_Logo_MZ_K3.png","width":2295,"height":2295,"caption":"Experience the World of Flyfishing 2026"},"image":{"@id":"https:\/\/erlebniswelt-fliegenfischen.de\/de\/#\/schema\/logo\/image\/"},"sameAs":["https:\/\/www.facebook.com\/Erlebniswelt.Fliegenfischen\/","https:\/\/www.instagram.com\/erlebniswelt_fliegenfischen\/"]}]}},"_links":{"self":[{"href":"https:\/\/erlebniswelt-fliegenfischen.de\/de\/wp-json\/wp\/v2\/pages\/223667","targetHints":{"allow":["GET"]}}],"collection":[{"href":"https:\/\/erlebniswelt-fliegenfischen.de\/de\/wp-json\/wp\/v2\/pages"}],"about":[{"href":"https:\/\/erlebniswelt-fliegenfischen.de\/de\/wp-json\/wp\/v2\/types\/page"}],"author":[{"embeddable":true,"href":"https:\/\/erlebniswelt-fliegenfischen.de\/de\/wp-json\/wp\/v2\/users\/1"}],"replies":[{"embeddable":true,"href":"https:\/\/erlebniswelt-fliegenfischen.de\/de\/wp-json\/wp\/v2\/comments?post=223667"}],"version-history":[{"count":1,"href":"https:\/\/erlebniswelt-fliegenfischen.de\/de\/wp-json\/wp\/v2\/pages\/223667\/revisions"}],"predecessor-version":[{"id":223668,"href":"https:\/\/erlebniswelt-fliegenfischen.de\/de\/wp-json\/wp\/v2\/pages\/223667\/revisions\/223668"}],"up":[{"embeddable":true,"href":"https:\/\/erlebniswelt-fliegenfischen.de\/de\/wp-json\/wp\/v2\/pages\/223421"}],"wp:attachment":[{"href":"https:\/\/erlebniswelt-fliegenfischen.de\/de\/wp-json\/wp\/v2\/media?parent=223667"}],"curies":[{"name":"wp","href":"https:\/\/api.w.org\/{rel}","templated":true}]}}