{"id":223419,"date":"2026-02-23T20:35:55","date_gmt":"2026-02-23T19:35:55","guid":{"rendered":"https:\/\/erlebniswelt-fliegenfischen.de\/startseite\/"},"modified":"2026-03-24T20:08:53","modified_gmt":"2026-03-24T19:08:53","slug":"startseite","status":"publish","type":"page","link":"https:\/\/erlebniswelt-fliegenfischen.de\/de\/","title":{"rendered":"Startseite"},"content":{"rendered":"<div class=\"et_pb_section_0 et_pb_section et_section_regular et_flex_section preset--module--divi-section--default\">\n<div class=\"et_pb_row_0 et_pb_row et_flex_row preset--module--divi-row--default\">\n<div class=\"et_pb_column_0 et_pb_column et_flex_column et_pb_css_mix_blend_mode_passthrough et_flex_column_2_5 et_flex_column_2_5_tablet et_flex_column_24_24_phone\">\n<div class=\"et_pb_text_0 et_pb_text et_pb_bg_layout_light et_pb_module et_flex_module\"><div class=\"et_pb_text_inner\"><p>International<\/p>\n<\/div><\/div>\n\n<div class=\"et_pb_text_1 et_pb_text et_pb_bg_layout_light et_pb_module et_flex_module\"><div class=\"et_pb_text_inner\"><h1>Erlebniswelt Fliegenfischen \u2013 EWF<\/h1>\n<\/div><\/div>\n\n<div class=\"et_pb_text_2 et_pb_text et_pb_bg_layout_light et_pb_module et_flex_module\"><div class=\"et_pb_text_inner\"><p>18. und 19. April 2026<\/p>\n<\/div><\/div>\n<\/div>\n\n<div class=\"et_pb_column_1 et_pb_column et-last-child et_flex_column et_pb_css_mix_blend_mode_passthrough et_flex_column_3_5 et_flex_column_3_5_tablet et_flex_column_24_24_phone\">\n<div class=\"et_pb_group_0 et_pb_group et-last-child et_pb_module et_flex_group et_pb_css_mix_blend_mode_passthrough\">\n<div class=\"et_pb_image_0 et_pb_image et_pb_module et_flex_module\"><span class=\"et_pb_image_wrap\"><img loading=\"lazy\" decoding=\"async\" src=\"https:\/\/erlebniswelt-fliegenfischen.b-cdn.net\/wp-content\/uploads\/2026\/03\/ewf-home-01.webp\" title=\"ewf-home-01\" width=\"731\" height=\"1024\" srcset=\"https:\/\/erlebniswelt-fliegenfischen.de\/wp-content\/uploads\/2026\/03\/ewf-home-01.webp 731w, https:\/\/erlebniswelt-fliegenfischen.de\/wp-content\/uploads\/2026\/03\/ewf-home-01-214x300.webp 214w, https:\/\/erlebniswelt-fliegenfischen.de\/wp-content\/uploads\/2026\/03\/ewf-home-01-480x672.webp 480w\" sizes=\"(max-width: 731px) 100vw, 731px\" class=\"wp-image-34\" \/><\/span><\/div>\n\n<div class=\"et_pb_image_1 et_pb_image et_pb_module et_flex_module\"><span class=\"et_pb_image_wrap\"><img loading=\"lazy\" decoding=\"async\" src=\"https:\/\/erlebniswelt-fliegenfischen.b-cdn.net\/wp-content\/uploads\/2026\/03\/ewf-home-02.webp\" title=\"ewf-home-02\" width=\"730\" height=\"1024\" srcset=\"https:\/\/erlebniswelt-fliegenfischen.de\/wp-content\/uploads\/2026\/03\/ewf-home-02.webp 730w, https:\/\/erlebniswelt-fliegenfischen.de\/wp-content\/uploads\/2026\/03\/ewf-home-02-214x300.webp 214w, https:\/\/erlebniswelt-fliegenfischen.de\/wp-content\/uploads\/2026\/03\/ewf-home-02-480x673.webp 480w\" sizes=\"(max-width: 730px) 100vw, 730px\" class=\"wp-image-35\" \/><\/span><\/div>\n<\/div>\n<\/div>\n<\/div>\n<\/div>\n\n<div class=\"et_pb_section_1 et_pb_section et_section_regular et_flex_section preset--module--divi-section--default\">\n<div class=\"et_pb_row_1 et_pb_row et_flex_row preset--module--divi-row--default\">\n<div class=\"et_pb_column_2 et_pb_column et_flex_column et_pb_css_mix_blend_mode_passthrough et_flex_column_12_24 et_flex_column_24_24_tablet et_flex_column_24_24_phone\">\n<div class=\"et_pb_text_3 et_pb_text et_pb_bg_layout_light et_pb_module et_flex_module\"><div class=\"et_pb_text_inner\"><h2>EWF \u2013 20 Jahre Erfolg!<\/h2>\n<p>Seit \u00fcber zwanzig Jahren steht die EWF f\u00fcr Leidenschaft, Inspiration und die Faszination des Fliegenfischens. Als Europas gr\u00f6\u00dfte und renommierteste Fliegenfischer-Messe bietet sie ein einzigartiges Erlebnis und ist ein Muss f\u00fcr alle, die diesen wunderbaren Sport lieben.<\/p>\n<p>Auf der 21. EWF werden mehr als 100 Aussteller aus \u00fcber 25 L\u00e4ndern ihre neuesten Produkte, Innovationen und Trends pr\u00e4sentieren. Internationale Spitzenfliegenfischer, \u00fcber 40 talentierte Fliegenbinder und ein abwechslungsreiches Programm f\u00fcr Anf\u00e4nger, Frauen und Kinder sorgen f\u00fcr ein inspirierendes Erlebnis.<\/p>\n<p>Ob erstklassige Fliegenfischerausr\u00fcstung, hochwertige Materialien, kreative Bindetechniken oder exklusive Reiseangebote zu den sch\u00f6nsten Fl\u00fcssen der Welt \u2013 die EWF vereint alles, was das Herz eines Fliegenfischers h\u00f6her schlagen l\u00e4sst und jeden Besuch zu einem besonderen Erlebnis macht.<\/p>\n<\/div><\/div>\n<\/div>\n\n<div class=\"et_pb_column_3 et_pb_column et-last-child et_flex_column et_pb_css_mix_blend_mode_passthrough et_flex_column_12_24 et_flex_column_24_24_tablet et_flex_column_24_24_phone\">\n<div class=\"et_pb_image_2 et_pb_image et_pb_module et_flex_module preset--module--divi-image--fn0jh2ulqy\"><span class=\"et_pb_image_wrap\"><img loading=\"lazy\" decoding=\"async\" src=\"https:\/\/erlebniswelt-fliegenfischen.b-cdn.net\/wp-content\/uploads\/2026\/03\/ewf-home-03.webp\" width=\"1276\" height=\"850\" srcset=\"https:\/\/erlebniswelt-fliegenfischen.de\/wp-content\/uploads\/2026\/03\/ewf-home-03.webp 1276w, https:\/\/erlebniswelt-fliegenfischen.de\/wp-content\/uploads\/2026\/03\/ewf-home-03-300x200.webp 300w, https:\/\/erlebniswelt-fliegenfischen.de\/wp-content\/uploads\/2026\/03\/ewf-home-03-1024x682.webp 1024w, https:\/\/erlebniswelt-fliegenfischen.de\/wp-content\/uploads\/2026\/03\/ewf-home-03-768x512.webp 768w, https:\/\/erlebniswelt-fliegenfischen.de\/wp-content\/uploads\/2026\/03\/ewf-home-03-1080x719.webp 1080w, https:\/\/erlebniswelt-fliegenfischen.de\/wp-content\/uploads\/2026\/03\/ewf-home-03-980x653.webp 980w, https:\/\/erlebniswelt-fliegenfischen.de\/wp-content\/uploads\/2026\/03\/ewf-home-03-480x320.webp 480w\" sizes=\"(max-width: 1276px) 100vw, 1276px\" class=\"wp-image-36\" title=\"ewf-home-03\" \/><\/span><\/div>\n<\/div>\n<\/div>\n<\/div>\n\n<div class=\"et_pb_section_2 et_pb_section et_section_regular et_flex_section et_pb_section_parallax preset--module--divi-section--default\"><span class=\"et-pb-parallax-wrapper\"><span class=\"et-pb-parallax-background et-pb-parallax-background-module--divi-section-2\" style=\"background-image:url(https:\/\/erlebniswelt-fliegenfischen.b-cdn.net\/wp-content\/uploads\/2026\/03\/ewf-veranstaltungsort.webp)\"><\/span><span class=\"et_parallax_gradient\" style=\"background-image:linear-gradient(180deg, rgba(39, 128, 143, 0.5) 0%,rgba(0, 70, 82, 0.5) 100% 100%)\"><\/span><\/span>\n<div class=\"et_pb_row_2 et_pb_row et_flex_row preset--module--divi-row--default\">\n<div class=\"et_pb_column_4 et_pb_column et-last-child et_flex_column et_pb_css_mix_blend_mode_passthrough et_flex_column_24_24 et_flex_column_24_24_tablet et_flex_column_24_24_phone\">\n<div class=\"et_pb_text_4 et_pb_text et_pb_bg_layout_light et_pb_module et_flex_module\"><div class=\"et_pb_text_inner\"><h3>Event Forum F\u00fcrstenfeld<br \/>F\u00fcrstenfeld 12<br \/>D-82256 F\u00fcrstenfeldbruck<br \/>n\u00e4he M\u00fcnchen, Deutschland<\/h3>\n<\/div><\/div>\n<\/div>\n<\/div>\n<\/div>\n\n<div class=\"et_pb_section_3 et_pb_section et_section_regular et_flex_section preset--module--divi-section--default\">\n<div class=\"et_pb_row_3 et_pb_row et_flex_row preset--module--divi-row--default\">\n<div class=\"et_pb_column_5 et_pb_column et-last-child et_flex_column et_pb_css_mix_blend_mode_passthrough et_flex_column_24_24 et_flex_column_24_24_tablet et_flex_column_24_24_phone\">\n<div class=\"et_pb_group_carousel_0 et_pb_group_carousel et_pb_group et_pb_module et_pb_group_carousel_dots_center et_pb_group_carousel_dots_below et_pb_group_carousel_slides_4\"><div class=\"et_pb_group_carousel_container\"><div class=\"et_pb_group_carousel_track\"><div class=\"et_pb_group_carousel_slide\"><div class=\"et_pb_group_1 et_pb_group et_pb_module et_flex_group et_pb_css_mix_blend_mode_passthrough\" data-loop-item=\"0\">\n<div class=\"et_pb_image_3 et_pb_image et_pb_module et_flex_module\"><span class=\"et_pb_image_wrap\"><img loading=\"lazy\" decoding=\"async\" src=\"https:\/\/erlebniswelt-fliegenfischen.de\/wp-content\/uploads\/2026\/03\/Stroh-web.jpg\" title=\"Stroh-web\" width=\"886\" height=\"886\" srcset=\"https:\/\/erlebniswelt-fliegenfischen.de\/wp-content\/uploads\/2026\/03\/Stroh-web.jpg 886w, https:\/\/erlebniswelt-fliegenfischen.de\/wp-content\/uploads\/2026\/03\/Stroh-web-480x480.jpg 480w\" sizes=\"(min-width: 0px) and (max-width: 480px) 480px, (min-width: 481px) 886px, 100vw\" class=\"wp-image-85\" \/><\/span><\/div>\n<\/div><\/div><div class=\"et_pb_group_carousel_slide\"><div class=\"et_pb_group_2 et_pb_group et_pb_module et_flex_group et_pb_css_mix_blend_mode_passthrough\" data-loop-item=\"1\">\n<div class=\"et_pb_image_4 et_pb_image et_pb_module et_flex_module\"><a href=\"https:\/\/www.whisky-corner.de\/\" target=\"_blank\"><span class=\"et_pb_image_wrap\"><img loading=\"lazy\" decoding=\"async\" src=\"https:\/\/erlebniswelt-fliegenfischen.de\/wp-content\/uploads\/2026\/03\/Whisky.jpg\" title=\"Whisky\" width=\"450\" height=\"450\" srcset=\"https:\/\/erlebniswelt-fliegenfischen.de\/wp-content\/uploads\/2026\/03\/Whisky.jpg 450w, https:\/\/erlebniswelt-fliegenfischen.de\/wp-content\/uploads\/2026\/03\/Whisky-300x300.jpg 300w, https:\/\/erlebniswelt-fliegenfischen.de\/wp-content\/uploads\/2026\/03\/Whisky-150x150.jpg 150w\" sizes=\"(max-width: 450px) 100vw, 450px\" class=\"wp-image-87\" \/><\/span><\/a><\/div>\n<\/div><\/div><div class=\"et_pb_group_carousel_slide\"><div class=\"et_pb_group_3 et_pb_group et_pb_module et_flex_group et_pb_css_mix_blend_mode_passthrough\" data-loop-item=\"2\">\n<div class=\"et_pb_image_5 et_pb_image et_pb_module et_flex_module\"><a href=\"https:\/\/en.zefixflyfishing.com\/\" target=\"_blank\"><span class=\"et_pb_image_wrap\"><img loading=\"lazy\" decoding=\"async\" src=\"https:\/\/erlebniswelt-fliegenfischen.de\/wp-content\/uploads\/2026\/03\/zefix_flyfishing.jpg\" title=\"zefix_flyfishing\" width=\"298\" height=\"300\" srcset=\"https:\/\/erlebniswelt-fliegenfischen.de\/wp-content\/uploads\/2026\/03\/zefix_flyfishing.jpg 298w, https:\/\/erlebniswelt-fliegenfischen.de\/wp-content\/uploads\/2026\/03\/zefix_flyfishing-150x150.jpg 150w\" sizes=\"(max-width: 298px) 100vw, 298px\" class=\"wp-image-89\" \/><\/span><\/a><\/div>\n<\/div><\/div><div class=\"et_pb_group_carousel_slide\"><div class=\"et_pb_group_4 et_pb_group et_pb_module et_flex_group et_pb_css_mix_blend_mode_passthrough\" data-loop-item=\"3\">\n<div class=\"et_pb_image_6 et_pb_image et_pb_module et_flex_module\"><a href=\"https:\/\/theflyemporium.com\/\" target=\"_blank\"><span class=\"et_pb_image_wrap\"><img loading=\"lazy\" decoding=\"async\" src=\"https:\/\/erlebniswelt-fliegenfischen.de\/wp-content\/uploads\/2026\/03\/fly_eporium-1024x425-1.png\" title=\"fly_eporium-1024x425-1\" width=\"1024\" height=\"425\" srcset=\"https:\/\/erlebniswelt-fliegenfischen.de\/wp-content\/uploads\/2026\/03\/fly_eporium-1024x425-1.png 1024w, https:\/\/erlebniswelt-fliegenfischen.de\/wp-content\/uploads\/2026\/03\/fly_eporium-1024x425-1-980x407.png 980w, https:\/\/erlebniswelt-fliegenfischen.de\/wp-content\/uploads\/2026\/03\/fly_eporium-1024x425-1-480x199.png 480w\" sizes=\"(min-width: 0px) and (max-width: 480px) 480px, (min-width: 481px) and (max-width: 980px) 980px, (min-width: 981px) 1024px, 100vw\" class=\"wp-image-91\" \/><\/span><\/a><\/div>\n<\/div><\/div><div class=\"et_pb_group_carousel_slide\"><div class=\"et_pb_group_5 et_pb_group et_pb_module et_flex_group et_pb_css_mix_blend_mode_passthrough\" data-loop-item=\"4\">\n<div class=\"et_pb_image_7 et_pb_image et_pb_module et_flex_module\"><a href=\"https:\/\/atlanticsalmontrust.org\/\" target=\"_blank\"><span class=\"et_pb_image_wrap\"><img loading=\"lazy\" decoding=\"async\" src=\"https:\/\/erlebniswelt-fliegenfischen.de\/wp-content\/uploads\/2026\/03\/AST_Logo-1024x941-1.png\" title=\"AST_Logo-1024x941-1\" width=\"1024\" height=\"941\" srcset=\"https:\/\/erlebniswelt-fliegenfischen.de\/wp-content\/uploads\/2026\/03\/AST_Logo-1024x941-1.png 1024w, https:\/\/erlebniswelt-fliegenfischen.de\/wp-content\/uploads\/2026\/03\/AST_Logo-1024x941-1-980x901.png 980w, https:\/\/erlebniswelt-fliegenfischen.de\/wp-content\/uploads\/2026\/03\/AST_Logo-1024x941-1-480x441.png 480w\" sizes=\"(min-width: 0px) and (max-width: 480px) 480px, (min-width: 481px) and (max-width: 980px) 980px, (min-width: 981px) 1024px, 100vw\" class=\"wp-image-71\" \/><\/span><\/a><\/div>\n<\/div><\/div><div class=\"et_pb_group_carousel_slide\"><div class=\"et_pb_group_6 et_pb_group et_pb_module et_flex_group et_pb_css_mix_blend_mode_passthrough\" data-loop-item=\"5\">\n<div class=\"et_pb_image_8 et_pb_image et_pb_module et_flex_module\"><a href=\"https:\/\/wanderfische.eu\/index.php?lang=de\" target=\"_blank\"><span class=\"et_pb_image_wrap\"><img loading=\"lazy\" decoding=\"async\" src=\"https:\/\/erlebniswelt-fliegenfischen.de\/wp-content\/uploads\/2026\/03\/wanderfische.png\" title=\"wanderfische\" width=\"176\" height=\"108\" srcset=\"https:\/\/erlebniswelt-fliegenfischen.de\/wp-content\/uploads\/2026\/03\/wanderfische.png 176w\" sizes=\"(max-width: 176px) 100vw, 176px\" class=\"wp-image-73\" \/><\/span><\/a><\/div>\n<\/div><\/div><div class=\"et_pb_group_carousel_slide\"><div class=\"et_pb_group_7 et_pb_group et_pb_module et_flex_group et_pb_css_mix_blend_mode_passthrough\" data-loop-item=\"6\">\n<div class=\"et_pb_image_9 et_pb_image et_pb_module et_flex_module\"><a href=\"https:\/\/www.fliegenfischer-forum.de\/\" target=\"_blank\"><span class=\"et_pb_image_wrap\"><img loading=\"lazy\" decoding=\"async\" src=\"https:\/\/erlebniswelt-fliegenfischen.de\/wp-content\/uploads\/2026\/03\/ffflogo1.jpg\" title=\"ffflogo1\" width=\"787\" height=\"159\" srcset=\"https:\/\/erlebniswelt-fliegenfischen.de\/wp-content\/uploads\/2026\/03\/ffflogo1.jpg 787w, https:\/\/erlebniswelt-fliegenfischen.de\/wp-content\/uploads\/2026\/03\/ffflogo1-480x97.jpg 480w\" sizes=\"(min-width: 0px) and (max-width: 480px) 480px, (min-width: 481px) 787px, 100vw\" class=\"wp-image-75\" \/><\/span><\/a><\/div>\n<\/div><\/div><div class=\"et_pb_group_carousel_slide\"><div class=\"et_pb_group_8 et_pb_group et_pb_module et_flex_group et_pb_css_mix_blend_mode_passthrough\" data-loop-item=\"7\">\n<div class=\"et_pb_image_10 et_pb_image et_pb_module et_flex_module\"><a href=\"https:\/\/xn--glcksmomente-elb.de\/\" target=\"_blank\"><span class=\"et_pb_image_wrap\"><img loading=\"lazy\" decoding=\"async\" src=\"https:\/\/erlebniswelt-fliegenfischen.de\/wp-content\/uploads\/2026\/03\/LOGO_GM_DRUCKCMYK.jpg\" title=\"LOGO_GM_DRUCKCMYK\" width=\"640\" height=\"197\" srcset=\"https:\/\/erlebniswelt-fliegenfischen.de\/wp-content\/uploads\/2026\/03\/LOGO_GM_DRUCKCMYK.jpg 640w, https:\/\/erlebniswelt-fliegenfischen.de\/wp-content\/uploads\/2026\/03\/LOGO_GM_DRUCKCMYK-480x148.jpg 480w\" sizes=\"(min-width: 0px) and (max-width: 480px) 480px, (min-width: 481px) 640px, 100vw\" class=\"wp-image-77\" \/><\/span><\/a><\/div>\n<\/div><\/div><div class=\"et_pb_group_carousel_slide\"><div class=\"et_pb_group_9 et_pb_group et_pb_module et_flex_group et_pb_css_mix_blend_mode_passthrough\" data-loop-item=\"8\">\n<div class=\"et_pb_image_11 et_pb_image et_pb_module et_flex_module\"><a href=\"https:\/\/pijawetz.com\/\" target=\"_blank\"><span class=\"et_pb_image_wrap\"><img loading=\"lazy\" decoding=\"async\" src=\"https:\/\/erlebniswelt-fliegenfischen.de\/wp-content\/uploads\/2026\/03\/pijawetz-2.jpg\" title=\"pijawetz-2\" width=\"878\" height=\"366\" srcset=\"https:\/\/erlebniswelt-fliegenfischen.de\/wp-content\/uploads\/2026\/03\/pijawetz-2.jpg 878w, https:\/\/erlebniswelt-fliegenfischen.de\/wp-content\/uploads\/2026\/03\/pijawetz-2-480x200.jpg 480w\" sizes=\"(min-width: 0px) and (max-width: 480px) 480px, (min-width: 481px) 878px, 100vw\" class=\"wp-image-79\" \/><\/span><\/a><\/div>\n<\/div><\/div><div class=\"et_pb_group_carousel_slide\"><div class=\"et_pb_group_10 et_pb_group et-last-child et_pb_module et_flex_group et_pb_css_mix_blend_mode_passthrough\" data-loop-item=\"9\">\n<div class=\"et_pb_image_12 et_pb_image et_pb_module et_flex_module\"><a href=\"https:\/\/ruteundrolle.de\/\" target=\"_blank\"><span class=\"et_pb_image_wrap\"><img loading=\"lazy\" decoding=\"async\" src=\"https:\/\/erlebniswelt-fliegenfischen.de\/wp-content\/uploads\/2026\/03\/FF-Logo-1024x359-1.jpg\" title=\"FF-Logo-1024x359-1\" width=\"1024\" height=\"359\" srcset=\"https:\/\/erlebniswelt-fliegenfischen.de\/wp-content\/uploads\/2026\/03\/FF-Logo-1024x359-1.jpg 1024w, https:\/\/erlebniswelt-fliegenfischen.de\/wp-content\/uploads\/2026\/03\/FF-Logo-1024x359-1-980x344.jpg 980w, https:\/\/erlebniswelt-fliegenfischen.de\/wp-content\/uploads\/2026\/03\/FF-Logo-1024x359-1-480x168.jpg 480w\" sizes=\"(min-width: 0px) and (max-width: 480px) 480px, (min-width: 481px) and (max-width: 980px) 980px, (min-width: 981px) 1024px, 100vw\" class=\"wp-image-81\" \/><\/span><\/a><\/div>\n<\/div><\/div><\/div><\/div><div class=\"et_pb_group_carousel_dots\"><\/div><\/div>\n<\/div>\n<\/div>\n<\/div>\n\n<div class=\"et_pb_section_4 et_pb_section et_section_regular et_flex_section preset--module--divi-section--default\" id=\"news\">\n<div class=\"et_pb_row_4 et_pb_row et_flex_row preset--module--divi-row--default\">\n<div class=\"et_pb_column_6 et_pb_column et-last-child et_flex_column et_pb_css_mix_blend_mode_passthrough et_flex_column_24_24 et_flex_column_24_24_tablet et_flex_column_24_24_phone\">\n<div class=\"et_pb_text_5 et_pb_text et_pb_bg_layout_light et_pb_module et_flex_module\"><div class=\"et_pb_text_inner\"><h2>News<\/h2>\n<\/div><\/div>\n<\/div>\n<\/div>\n\n<div class=\"et_pb_row_5 et_pb_row et_flex_row preset--module--divi-row--default\">\n<div class=\"et_pb_column_7 et_pb_column et-last-child et_flex_column et_pb_css_mix_blend_mode_passthrough et_flex_column_24_24 et_flex_column_24_24_tablet et_flex_column_24_24_phone\">\n<div class=\"et_pb_code_0 et_pb_code et_pb_module\"><div class=\"et_pb_code_inner\"><!-- Elfsight Instagram Feed | Untitled Instagram Feed -->\n<script src=\"https:\/\/elfsightcdn.com\/platform.js\" async=\"\"><\/script>\n<div class=\"elfsight-app-08a9ee8d-efb8-4400-8544-59e9feb86e1e\" data-elfsight-app-lazy=\"\"><\/div><\/div><\/div>\n<\/div>\n<\/div>\n<\/div>","protected":false},"excerpt":{"rendered":"","protected":false},"author":1,"featured_media":0,"parent":0,"menu_order":0,"comment_status":"closed","ping_status":"closed","template":"","meta":{"_acf_changed":false,"footnotes":""},"class_list":["post-223419","page","type-page","status-publish","hentry"],"acf":[],"yoast_head":"<!-- This site is optimized with the Yoast SEO plugin v27.3 - https:\/\/yoast.com\/product\/yoast-seo-wordpress\/ -->\n<title>EWF Fliegenfischer-Messe \u2013 Europas f\u00fchrende Veranstaltung f\u00fcr Fliegenfischer<\/title>\n<meta name=\"description\" content=\"Experience Europe\u2019s largest fly fishing fair with international exhibitors, fly tying demonstrations, casting shows, lectures and programmes for all anglers.\" \/>\n<meta name=\"robots\" content=\"index, follow, max-snippet:-1, max-image-preview:large, max-video-preview:-1\" \/>\n<link rel=\"canonical\" href=\"https:\/\/erlebniswelt-fliegenfischen.de\/de\/\" \/>\n<meta property=\"og:locale\" content=\"de_DE\" \/>\n<meta property=\"og:type\" content=\"article\" \/>\n<meta property=\"og:title\" content=\"EWF Fliegenfischer-Messe \u2013 Europas f\u00fchrende Veranstaltung f\u00fcr Fliegenfischer\" \/>\n<meta property=\"og:description\" content=\"Experience Europe\u2019s largest fly fishing fair with international exhibitors, fly tying demonstrations, casting shows, lectures and programmes for all anglers.\" \/>\n<meta property=\"og:url\" content=\"https:\/\/erlebniswelt-fliegenfischen.de\/de\/\" \/>\n<meta property=\"og:site_name\" content=\"Experience the World of Flyfishing 2026\" \/>\n<meta property=\"article:publisher\" content=\"https:\/\/www.facebook.com\/Erlebniswelt.Fliegenfischen\/\" \/>\n<meta property=\"article:modified_time\" content=\"2026-03-24T19:08:53+00:00\" \/>\n<meta name=\"twitter:card\" content=\"summary_large_image\" \/>\n<script type=\"application\/ld+json\" class=\"yoast-schema-graph\">{\"@context\":\"https:\\\/\\\/schema.org\",\"@graph\":[{\"@type\":\"WebPage\",\"@id\":\"https:\\\/\\\/erlebniswelt-fliegenfischen.de\\\/de\\\/\",\"url\":\"https:\\\/\\\/erlebniswelt-fliegenfischen.de\\\/de\\\/\",\"name\":\"EWF Fliegenfischer-Messe \u2013 Europas f\u00fchrende Veranstaltung f\u00fcr Fliegenfischer\",\"isPartOf\":{\"@id\":\"https:\\\/\\\/erlebniswelt-fliegenfischen.de\\\/de\\\/#website\"},\"datePublished\":\"2026-02-23T19:35:55+00:00\",\"dateModified\":\"2026-03-24T19:08:53+00:00\",\"description\":\"Experience Europe\u2019s largest fly fishing fair with international exhibitors, fly tying demonstrations, casting shows, lectures and programmes for all anglers.\",\"breadcrumb\":{\"@id\":\"https:\\\/\\\/erlebniswelt-fliegenfischen.de\\\/de\\\/#breadcrumb\"},\"inLanguage\":\"de\",\"potentialAction\":[{\"@type\":\"ReadAction\",\"target\":[\"https:\\\/\\\/erlebniswelt-fliegenfischen.de\\\/de\\\/\"]}]},{\"@type\":\"BreadcrumbList\",\"@id\":\"https:\\\/\\\/erlebniswelt-fliegenfischen.de\\\/de\\\/#breadcrumb\",\"itemListElement\":[{\"@type\":\"ListItem\",\"position\":1,\"name\":\"Start\",\"item\":\"https:\\\/\\\/erlebniswelt-fliegenfischen.de\\\/de\\\/\"},{\"@type\":\"ListItem\",\"position\":2,\"name\":\"Startseite\"}]},{\"@type\":\"WebSite\",\"@id\":\"https:\\\/\\\/erlebniswelt-fliegenfischen.de\\\/de\\\/#website\",\"url\":\"https:\\\/\\\/erlebniswelt-fliegenfischen.de\\\/de\\\/\",\"name\":\"Experience the World of Flyfishing 2026\",\"description\":\"\",\"publisher\":{\"@id\":\"https:\\\/\\\/erlebniswelt-fliegenfischen.de\\\/de\\\/#organization\"},\"potentialAction\":[{\"@type\":\"SearchAction\",\"target\":{\"@type\":\"EntryPoint\",\"urlTemplate\":\"https:\\\/\\\/erlebniswelt-fliegenfischen.de\\\/de\\\/?s={search_term_string}\"},\"query-input\":{\"@type\":\"PropertyValueSpecification\",\"valueRequired\":true,\"valueName\":\"search_term_string\"}}],\"inLanguage\":\"de\"},{\"@type\":\"Organization\",\"@id\":\"https:\\\/\\\/erlebniswelt-fliegenfischen.de\\\/de\\\/#organization\",\"name\":\"Experience the World of Flyfishing 2026\",\"url\":\"https:\\\/\\\/erlebniswelt-fliegenfischen.de\\\/de\\\/\",\"logo\":{\"@type\":\"ImageObject\",\"inLanguage\":\"de\",\"@id\":\"https:\\\/\\\/erlebniswelt-fliegenfischen.de\\\/de\\\/#\\\/schema\\\/logo\\\/image\\\/\",\"url\":\"https:\\\/\\\/erlebniswelt-fliegenfischen.de\\\/wp-content\\\/uploads\\\/2026\\\/03\\\/EWF_Logo_MZ_K3.png\",\"contentUrl\":\"https:\\\/\\\/erlebniswelt-fliegenfischen.de\\\/wp-content\\\/uploads\\\/2026\\\/03\\\/EWF_Logo_MZ_K3.png\",\"width\":2295,\"height\":2295,\"caption\":\"Experience the World of Flyfishing 2026\"},\"image\":{\"@id\":\"https:\\\/\\\/erlebniswelt-fliegenfischen.de\\\/de\\\/#\\\/schema\\\/logo\\\/image\\\/\"},\"sameAs\":[\"https:\\\/\\\/www.facebook.com\\\/Erlebniswelt.Fliegenfischen\\\/\",\"https:\\\/\\\/www.instagram.com\\\/erlebniswelt_fliegenfischen\\\/\"]}]}<\/script>\n<!-- \/ Yoast SEO plugin. -->","yoast_head_json":{"title":"EWF Fliegenfischer-Messe \u2013 Europas f\u00fchrende Veranstaltung f\u00fcr Fliegenfischer","description":"Experience Europe\u2019s largest fly fishing fair with international exhibitors, fly tying demonstrations, casting shows, lectures and programmes for all anglers.","robots":{"index":"index","follow":"follow","max-snippet":"max-snippet:-1","max-image-preview":"max-image-preview:large","max-video-preview":"max-video-preview:-1"},"canonical":"https:\/\/erlebniswelt-fliegenfischen.de\/de\/","og_locale":"de_DE","og_type":"article","og_title":"EWF Fliegenfischer-Messe \u2013 Europas f\u00fchrende Veranstaltung f\u00fcr Fliegenfischer","og_description":"Experience Europe\u2019s largest fly fishing fair with international exhibitors, fly tying demonstrations, casting shows, lectures and programmes for all anglers.","og_url":"https:\/\/erlebniswelt-fliegenfischen.de\/de\/","og_site_name":"Experience the World of Flyfishing 2026","article_publisher":"https:\/\/www.facebook.com\/Erlebniswelt.Fliegenfischen\/","article_modified_time":"2026-03-24T19:08:53+00:00","twitter_card":"summary_large_image","schema":{"@context":"https:\/\/schema.org","@graph":[{"@type":"WebPage","@id":"https:\/\/erlebniswelt-fliegenfischen.de\/de\/","url":"https:\/\/erlebniswelt-fliegenfischen.de\/de\/","name":"EWF Fliegenfischer-Messe \u2013 Europas f\u00fchrende Veranstaltung f\u00fcr Fliegenfischer","isPartOf":{"@id":"https:\/\/erlebniswelt-fliegenfischen.de\/de\/#website"},"datePublished":"2026-02-23T19:35:55+00:00","dateModified":"2026-03-24T19:08:53+00:00","description":"Experience Europe\u2019s largest fly fishing fair with international exhibitors, fly tying demonstrations, casting shows, lectures and programmes for all anglers.","breadcrumb":{"@id":"https:\/\/erlebniswelt-fliegenfischen.de\/de\/#breadcrumb"},"inLanguage":"de","potentialAction":[{"@type":"ReadAction","target":["https:\/\/erlebniswelt-fliegenfischen.de\/de\/"]}]},{"@type":"BreadcrumbList","@id":"https:\/\/erlebniswelt-fliegenfischen.de\/de\/#breadcrumb","itemListElement":[{"@type":"ListItem","position":1,"name":"Start","item":"https:\/\/erlebniswelt-fliegenfischen.de\/de\/"},{"@type":"ListItem","position":2,"name":"Startseite"}]},{"@type":"WebSite","@id":"https:\/\/erlebniswelt-fliegenfischen.de\/de\/#website","url":"https:\/\/erlebniswelt-fliegenfischen.de\/de\/","name":"Experience the World of Flyfishing 2026","description":"","publisher":{"@id":"https:\/\/erlebniswelt-fliegenfischen.de\/de\/#organization"},"potentialAction":[{"@type":"SearchAction","target":{"@type":"EntryPoint","urlTemplate":"https:\/\/erlebniswelt-fliegenfischen.de\/de\/?s={search_term_string}"},"query-input":{"@type":"PropertyValueSpecification","valueRequired":true,"valueName":"search_term_string"}}],"inLanguage":"de"},{"@type":"Organization","@id":"https:\/\/erlebniswelt-fliegenfischen.de\/de\/#organization","name":"Experience the World of Flyfishing 2026","url":"https:\/\/erlebniswelt-fliegenfischen.de\/de\/","logo":{"@type":"ImageObject","inLanguage":"de","@id":"https:\/\/erlebniswelt-fliegenfischen.de\/de\/#\/schema\/logo\/image\/","url":"https:\/\/erlebniswelt-fliegenfischen.de\/wp-content\/uploads\/2026\/03\/EWF_Logo_MZ_K3.png","contentUrl":"https:\/\/erlebniswelt-fliegenfischen.de\/wp-content\/uploads\/2026\/03\/EWF_Logo_MZ_K3.png","width":2295,"height":2295,"caption":"Experience the World of Flyfishing 2026"},"image":{"@id":"https:\/\/erlebniswelt-fliegenfischen.de\/de\/#\/schema\/logo\/image\/"},"sameAs":["https:\/\/www.facebook.com\/Erlebniswelt.Fliegenfischen\/","https:\/\/www.instagram.com\/erlebniswelt_fliegenfischen\/"]}]}},"_links":{"self":[{"href":"https:\/\/erlebniswelt-fliegenfischen.de\/de\/wp-json\/wp\/v2\/pages\/223419","targetHints":{"allow":["GET"]}}],"collection":[{"href":"https:\/\/erlebniswelt-fliegenfischen.de\/de\/wp-json\/wp\/v2\/pages"}],"about":[{"href":"https:\/\/erlebniswelt-fliegenfischen.de\/de\/wp-json\/wp\/v2\/types\/page"}],"author":[{"embeddable":true,"href":"https:\/\/erlebniswelt-fliegenfischen.de\/de\/wp-json\/wp\/v2\/users\/1"}],"replies":[{"embeddable":true,"href":"https:\/\/erlebniswelt-fliegenfischen.de\/de\/wp-json\/wp\/v2\/comments?post=223419"}],"version-history":[{"count":9,"href":"https:\/\/erlebniswelt-fliegenfischen.de\/de\/wp-json\/wp\/v2\/pages\/223419\/revisions"}],"predecessor-version":[{"id":223870,"href":"https:\/\/erlebniswelt-fliegenfischen.de\/de\/wp-json\/wp\/v2\/pages\/223419\/revisions\/223870"}],"wp:attachment":[{"href":"https:\/\/erlebniswelt-fliegenfischen.de\/de\/wp-json\/wp\/v2\/media?parent=223419"}],"curies":[{"name":"wp","href":"https:\/\/api.w.org\/{rel}","templated":true}]}}